{"id":244,"date":"2026-03-25T16:28:48","date_gmt":"2026-03-25T15:28:48","guid":{"rendered":"https:\/\/new.karrelong.ch\/?page_id=244"},"modified":"2026-04-15T09:17:18","modified_gmt":"2026-04-15T08:17:18","slug":"nos-prestations","status":"publish","type":"page","link":"https:\/\/new.karrelong.ch\/en\/nos-prestations\/","title":{"rendered":"Our Services"},"content":{"rendered":"<div style=\"font-family: Fjalla One; max-width: 900px; margin: 0 auto;\">\n<p><!-- INTRO --><\/p>\n<p style=\"font-size: 16px; color: #555; margin-bottom: 40px;\">Please find all our services and rates below. For any questions, don\u2019t hesitate to call us at <strong>021 624 71 83<\/strong>.<\/p>\n<p><!-- BOUTON R\u00c9SERVER --><\/p>\n<div style=\"text-align: center; margin-bottom: 50px;\"><a href=\"https:\/\/salonkee.ch\/salon\/karre-long\" style=\"background-color: #773f5c; color: #fff; padding: 14px 36px; border-radius: 4px; font-size: 16px; text-decoration: none; display: inline-block;\">Book now<\/a><\/div>\n<p><!-- COUPE FEMME --><\/p>\n<h2 style=\"color: #773f5c; border-bottom: 2px solid #773f5c; padding-bottom: 8px;\">Women's Haircut<\/h2>\n<table style=\"width: 100%; border-collapse: collapse; margin-bottom: 40px;\">\n<tbody>\n<tr style=\"background-color: #faf0f2;\">\n<td style=\"padding: 10px 14px;\">Haircut + shampoo + blow-dry<\/td>\n<td style=\"padding: 10px 14px; text-align: right; color: #773f5c;\">starting from CHF 72<\/td>\n<\/tr>\n<tr>\n<td style=\"padding: 10px 14px;\">Styling \/ blow-dry + shampoo<\/td>\n<td style=\"padding: 10px 14px; text-align: right; color: #773f5c;\">starting from CHF 51<\/td>\n<\/tr>\n<tr style=\"background-color: #faf0f2;\">\n<td style=\"padding: 10px 14px;\">Bangs cut<\/td>\n<td style=\"padding: 10px 14px; text-align: right; color: #773f5c;\">CHF 11<\/td>\n<\/tr>\n<\/tbody>\n<\/table>\n<p><!-- M\u00c8CHES & COULEURS --><\/p>\n<h2 style=\"color: #773f5c; border-bottom: 2px solid #773f5c; padding-bottom: 8px;\">Highlights &amp; Balayage<\/h2>\n<table style=\"width: 100%; border-collapse: collapse; margin-bottom: 40px;\">\n<tbody>\n<tr style=\"background-color: #faf0f2;\">\n<td style=\"padding: 10px 14px;\">Highlights \/ surface balayage<\/td>\n<td style=\"padding: 10px 14px; text-align: right; color: #773f5c;\">CHF 43<\/td>\n<\/tr>\n<tr>\n<td style=\"padding: 10px 14px;\">Highlights \/ partial balayage<\/td>\n<td style=\"padding: 10px 14px; text-align: right; color: #773f5c;\">CHF 75<\/td>\n<\/tr>\n<tr style=\"background-color: #faf0f2;\">\n<td style=\"padding: 10px 14px;\">Highlights \/ full balayage<\/td>\n<td style=\"padding: 10px 14px; text-align: right; color: #773f5c;\">starting from CHF 105<\/td>\n<\/tr>\n<tr>\n<td style=\"padding: 10px 14px;\">Tinta Color<\/td>\n<td style=\"padding: 10px 14px; text-align: right; color: #773f5c;\">starting from CHF 67<\/td>\n<\/tr>\n<tr style=\"background-color: #faf0f2;\">\n<td style=\"padding: 10px 14px;\">So Pure Color <span style=\"font-size: 13px; color: #888;\">(ammonia-free)<\/span><\/td>\n<td style=\"padding: 10px 14px; text-align: right; color: #773f5c;\">starting from CHF 68<\/td>\n<\/tr>\n<tr>\n<td style=\"padding: 10px 14px;\">Color \/ Contouring<\/td>\n<td style=\"padding: 10px 14px; text-align: right; color: #773f5c;\">CHF 42<\/td>\n<\/tr>\n<tr style=\"background-color: #faf0f2;\">\n<td style=\"padding: 10px 14px;\">Coulage \/ patina \/ gloss<\/td>\n<td style=\"padding: 10px 14px; text-align: right; color: #773f5c;\">starting from CHF 17<\/td>\n<\/tr>\n<tr>\n<td style=\"padding: 10px 14px;\">Scrub \/ Cleansing<\/td>\n<td style=\"padding: 10px 14px; text-align: right; color: #773f5c;\">starting from CHF 39<\/td>\n<\/tr>\n<\/tbody>\n<\/table>\n<p><!-- COUPE HOMME --><\/p>\n<h2 style=\"color: #773f5c; border-bottom: 2px solid #773f5c; padding-bottom: 8px;\">Men's Haircut<\/h2>\n<table style=\"width: 100%; border-collapse: collapse; margin-bottom: 40px;\">\n<tbody>\n<tr style=\"background-color: #faf0f2;\">\n<td style=\"padding: 10px 14px;\">Haircut + shampoo + styling<\/td>\n<td style=\"padding: 10px 14px; text-align: right; color: #773f5c;\">CHF 48<\/td>\n<\/tr>\n<tr>\n<td style=\"padding: 10px 14px;\">Cover + cut + shampoo + styling<\/td>\n<td style=\"padding: 10px 14px; text-align: right; color: #773f5c;\">CHF 59<\/td>\n<\/tr>\n<tr style=\"background-color: #faf0f2;\">\n<td style=\"padding: 10px 14px;\">Cut + shampoo + styling + beard trimming<\/td>\n<td style=\"padding: 10px 14px; text-align: right; color: #773f5c;\">starting from CHF 67<\/td>\n<\/tr>\n<tr>\n<td style=\"padding: 10px 14px;\">Clipper cut + shampoo + styling<\/td>\n<td style=\"padding: 10px 14px; text-align: right; color: #773f5c;\">starting from CHF 34<\/td>\n<\/tr>\n<tr style=\"background-color: #faf0f2;\">\n<td style=\"padding: 10px 14px;\">Shampoo + styling<\/td>\n<td style=\"padding: 10px 14px; text-align: right; color: #773f5c;\">CHF 23<\/td>\n<\/tr>\n<tr>\n<td style=\"padding: 10px 14px;\">Close shave<\/td>\n<td style=\"padding: 10px 14px; text-align: right; color: #773f5c;\">starting from CHF 30<\/td>\n<\/tr>\n<tr style=\"background-color: #faf0f2;\">\n<td style=\"padding: 10px 14px;\">Color<\/td>\n<td style=\"padding: 10px 14px; text-align: right; color: #773f5c;\">CHF 35<\/td>\n<\/tr>\n<tr>\n<td style=\"padding: 10px 14px;\">Hair straightening on top<\/td>\n<td style=\"padding: 10px 14px; text-align: right; color: #773f5c;\">CHF 20<\/td>\n<\/tr>\n<\/tbody>\n<\/table>\n<p><!-- JEUNES & \u00c9TUDIANTS --><\/p>\n<h2 style=\"color: #773f5c; border-bottom: 2px solid #773f5c; padding-bottom: 8px;\">Girls, Boys &amp; Students Haircut<\/h2>\n<table style=\"width: 100%; border-collapse: collapse; margin-bottom: 40px;\">\n<tbody>\n<tr style=\"background-color: #faf0f2;\">\n<td style=\"padding: 10px 14px;\">Children's haircut and shampoo <span style=\"font-size: 13px; color: #888;\">(0-6 ans)<\/span><\/td>\n<td style=\"padding: 10px 14px; text-align: right; color: #773f5c;\">CHF 29<\/td>\n<\/tr>\n<tr>\n<td style=\"padding: 10px 14px;\">Coupe + shampooing + s\u00e9chage <span style=\"font-size: 13px; color: #888;\">(7-13 ans)<\/span><\/td>\n<td style=\"padding: 10px 14px; text-align: right; color: #773f5c;\">starting from CHF 35<\/td>\n<\/tr>\n<tr style=\"background-color: #faf0f2;\">\n<td style=\"padding: 10px 14px;\">Shampoo + drying <span style=\"font-size: 13px; color: #888;\">(up to 13 years old)<\/span><\/td>\n<td style=\"padding: 10px 14px; text-align: right; color: #773f5c;\">starting from CHF 32<\/td>\n<\/tr>\n<tr>\n<td style=\"padding: 10px 14px;\">Haircut + shampoo + blow-dry for girls <span style=\"font-size: 13px; color: #888;\">(14-17 ans)<\/span><\/td>\n<td style=\"padding: 10px 14px; text-align: right; color: #773f5c;\">CHF 69<\/td>\n<\/tr>\n<tr style=\"background-color: #faf0f2;\">\n<td style=\"padding: 10px 14px;\">Haircut + shampoo + blow-dry for boys <span style=\"font-size: 13px; color: #888;\">(14-17 ans)<\/span><\/td>\n<td style=\"padding: 10px 14px; text-align: right; color: #773f5c;\">CHF 39<\/td>\n<\/tr>\n<tr>\n<td style=\"padding: 10px 14px;\">Girl's student haircut <span style=\"font-size: 13px; color: #888;\">(with student card)<\/span><\/td>\n<td style=\"padding: 10px 14px; text-align: right; color: #773f5c;\">CHF 78<\/td>\n<\/tr>\n<tr style=\"background-color: #faf0f2;\">\n<td style=\"padding: 10px 14px;\">Boy's student haircut <span style=\"font-size: 13px; color: #888;\">(with student card)<\/span><\/td>\n<td style=\"padding: 10px 14px; text-align: right; color: #773f5c;\">CHF 43<\/td>\n<\/tr>\n<tr>\n<td style=\"padding: 10px 14px;\">Colored highlights<\/td>\n<td style=\"padding: 10px 14px; text-align: right; color: #773f5c;\">starting from CHF 16<\/td>\n<\/tr>\n<\/tbody>\n<\/table>\n<p><!-- SOINS SP\u00c9CIFIQUES --><\/p>\n<h2 style=\"color: #773f5c; border-bottom: 2px solid #773f5c; padding-bottom: 8px;\">Specific hair cares<\/h2>\n<table style=\"width: 100%; border-collapse: collapse; margin-bottom: 40px;\">\n<tbody>\n<tr style=\"background-color: #faf0f2;\">\n<td style=\"padding: 10px 14px;\">Simple or deep hair care<\/td>\n<td style=\"padding: 10px 14px; text-align: right; color: #773f5c;\">starting from CHF 6<\/td>\n<\/tr>\n<tr>\n<td style=\"padding: 10px 14px;\">Cellophane hair care<\/td>\n<td style=\"padding: 10px 14px; text-align: right; color: #773f5c;\">starting from CHF 46<\/td>\n<\/tr>\n<tr style=\"background-color: #faf0f2;\">\n<td style=\"padding: 10px 14px;\">Keratin hair care <span style=\"font-size: 13px; color: #888;\">(plus free spray)<\/span><\/td>\n<td style=\"padding: 10px 14px; text-align: right; color: #773f5c;\">starting from CHF 56<\/td>\n<\/tr>\n<tr>\n<td style=\"padding: 10px 14px;\">Tannin Package <span style=\"font-size: 13px; color: #888;\">(plus free shampoo)<\/span><\/td>\n<td style=\"padding: 10px 14px; text-align: right; color: #773f5c;\">starting from CHF 83<\/td>\n<\/tr>\n<tr style=\"background-color: #faf0f2;\">\n<td style=\"padding: 10px 14px;\">Hair cryotherapy<\/td>\n<td style=\"padding: 10px 14px; text-align: right; color: #773f5c;\">starting from CHF 121<\/td>\n<\/tr>\n<tr>\n<td style=\"padding: 10px 14px;\">Tannin smoothing <span style=\"font-size: 13px; color: #888;\">(organic smoothing)<\/span><\/td>\n<td style=\"padding: 10px 14px; text-align: right; color: #773f5c;\">CHF 323<\/td>\n<\/tr>\n<\/tbody>\n<\/table>\n<p><!-- PERMANENTES & D\u00c9FRISAGES --><\/p>\n<h2 style=\"color: #773f5c; border-bottom: 2px solid #773f5c; padding-bottom: 8px;\">Perms &amp; Hair straightening<\/h2>\n<table style=\"width: 100%; border-collapse: collapse; margin-bottom: 40px;\">\n<tbody>\n<tr style=\"background-color: #faf0f2;\">\n<td style=\"padding: 10px 14px;\">Perm<\/td>\n<td style=\"padding: 10px 14px; text-align: right; color: #773f5c;\">starting from CHF 63<\/td>\n<\/tr>\n<tr>\n<td style=\"padding: 10px 14px;\">Hair straightening<\/td>\n<td style=\"padding: 10px 14px; text-align: right; color: #773f5c;\">starting from CHF 86<\/td>\n<\/tr>\n<tr style=\"background-color: #faf0f2;\">\n<td style=\"padding: 10px 14px;\">Tannin<\/td>\n<td style=\"padding: 10px 14px; text-align: right; color: #773f5c;\">starting from CHF 80<\/td>\n<\/tr>\n<\/tbody>\n<\/table>\n<p><!-- EXTENSIONS --><\/p>\n<h2 style=\"color: #773f5c; border-bottom: 2px solid #773f5c; padding-bottom: 8px;\">Extensions by Great Lengths<\/h2>\n<table style=\"width: 100%; border-collapse: collapse; margin-bottom: 40px;\">\n<tbody>\n<tr style=\"background-color: #faf0f2;\">\n<td style=\"padding: 10px 14px;\">Extension Application<br \/>\n<span style=\"display: block; font-size: 13px; color: #888;\">Price per strand - contact us for a full quote<\/span><\/td>\n<td style=\"padding: 10px 14px; text-align: right; color: #773f5c;\">CHF 8 per strand<\/td>\n<\/tr>\n<tr>\n<td style=\"padding: 10px 14px;\">Extension consultation<\/td>\n<td style=\"padding: 10px 14px; text-align: right; color: #773f5c;\">Free<\/td>\n<\/tr>\n<\/tbody>\n<\/table>\n<p><!-- CHIGNONS & MARIAGE --><\/p>\n<h2 style=\"color: #773f5c; border-bottom: 2px solid #773f5c; padding-bottom: 8px;\">Updos, Bridal &amp; Event Hairstyling<\/h2>\n<table style=\"width: 100%; border-collapse: collapse; margin-bottom: 40px;\">\n<tbody>\n<tr style=\"background-color: #faf0f2;\">\n<td style=\"padding: 10px 14px;\">Evening Updo<\/td>\n<td style=\"padding: 10px 14px; text-align: right; color: #773f5c;\">CHF 85<\/td>\n<\/tr>\n<tr>\n<td style=\"padding: 10px 14px;\">Other Evening Hairstyles<\/td>\n<td style=\"padding: 10px 14px; text-align: right; color: #773f5c;\">CHF 68<\/td>\n<\/tr>\n<tr style=\"background-color: #faf0f2;\">\n<td style=\"padding: 10px 14px;\">Bridal Updo<\/td>\n<td style=\"padding: 10px 14px; text-align: right; color: #773f5c;\">CHF 93<\/td>\n<\/tr>\n<tr>\n<td style=\"padding: 10px 14px;\">Wedding Package<\/td>\n<td style=\"padding: 10px 14px; text-align: right; color: #773f5c;\">starting from CHF 181<\/td>\n<\/tr>\n<tr style=\"background-color: #faf0f2;\">\n<td style=\"padding: 10px 14px;\">Full Wedding Package <span style=\"font-size: 13px; color: #888;\">(Hair + Makeup)<\/span><\/td>\n<td style=\"padding: 10px 14px; text-align: right; color: #773f5c;\">CHF 366<\/td>\n<\/tr>\n<tr>\n<td style=\"padding: 10px 14px;\">Day Makeup<\/td>\n<td style=\"padding: 10px 14px; text-align: right; color: #773f5c;\">starting from CHF 44<\/td>\n<\/tr>\n<tr style=\"background-color: #faf0f2;\">\n<td style=\"padding: 10px 14px;\">Bridal Makeup<\/td>\n<td style=\"padding: 10px 14px; text-align: right; color: #773f5c;\">starting from CHF 73<\/td>\n<\/tr>\n<\/tbody>\n<\/table>\n<p><!-- ONGLES --><\/p>\n<h2 style=\"color: #773f5c; border-bottom: 2px solid #773f5c; padding-bottom: 8px;\">Nails - Ruby, Nail Stylist<\/h2>\n<p style=\"font-size: 14px; color: #888; margin-bottom: 16px; font-style: italic;\">Ruby welcomes you to the salon to enhance your hands, from natural to the most sophisticated.<\/p>\n<table style=\"width: 100%; border-collapse: collapse; margin-bottom: 40px;\">\n<tbody>\n<tr style=\"background-color: #faf0f2;\">\n<td style=\"padding: 10px 14px;\">Application of semi-permanent nail polish <span style=\"font-size: 13px; color: #888;\">(solid color)<\/span><\/td>\n<td style=\"padding: 10px 14px; text-align: right; color: #773f5c;\">CHF 60<\/td>\n<\/tr>\n<tr>\n<td style=\"padding: 10px 14px;\">BIAB &#8211; gainage ongle naturel court <span style=\"font-size: 13px; color: #888;\">(solid color)<\/span><\/td>\n<td style=\"padding: 10px 14px; text-align: right; color: #773f5c;\">CHF 70<\/td>\n<\/tr>\n<tr style=\"background-color: #faf0f2;\">\n<td style=\"padding: 10px 14px;\">American method <span style=\"font-size: 13px; color: #888;\">(solid color)<\/span><\/td>\n<td style=\"padding: 10px 14px; text-align: right; color: #773f5c;\">CHF 90<\/td>\n<\/tr>\n<tr>\n<td style=\"padding: 10px 14px;\">Gel or BIAB filling with length<\/td>\n<td style=\"padding: 10px 14px; text-align: right; color: #773f5c;\">CHF 85<\/td>\n<\/tr>\n<tr style=\"background-color: #faf0f2;\">\n<td style=\"padding: 10px 14px;\">American-style nail removal\/replacement<\/td>\n<td style=\"padding: 10px 14px; text-align: right; color: #773f5c;\">CHF 100<\/td>\n<\/tr>\n<tr>\n<td style=\"padding: 10px 14px;\">Japanese manicure <span style=\"font-size: 13px; color: #888;\">(natural and restorative treatment)<\/span><\/td>\n<td style=\"padding: 10px 14px; text-align: right; color: #773f5c;\">CHF 60<\/td>\n<\/tr>\n<tr style=\"background-color: #faf0f2;\">\n<td style=\"padding: 10px 14px;\">Hand spa<\/td>\n<td style=\"padding: 10px 14px; text-align: right; color: #773f5c;\">CHF 70<\/td>\n<\/tr>\n<tr>\n<td style=\"padding: 10px 14px;\">Simple manicure<\/td>\n<td style=\"padding: 10px 14px; text-align: right; color: #773f5c;\">CHF 35<\/td>\n<\/tr>\n<tr style=\"background-color: #faf0f2;\">\n<td style=\"padding: 10px 14px;\">Paraffin treatment<\/td>\n<td style=\"padding: 10px 14px; text-align: right; color: #773f5c;\">CHF 30<\/td>\n<\/tr>\n<tr>\n<td style=\"padding: 10px 14px;\">Nail-Art<\/td>\n<td style=\"padding: 10px 14px; text-align: right; color: #773f5c;\">starting from CHF 5<\/td>\n<\/tr>\n<tr style=\"background-color: #faf0f2;\">\n<td style=\"padding: 10px 14px;\">Removal<\/td>\n<td style=\"padding: 10px 14px; text-align: right; color: #773f5c;\">starting from CHF 20<\/td>\n<\/tr>\n<tr>\n<td style=\"padding: 10px 14px;\">Hand massage<\/td>\n<td style=\"padding: 10px 14px; text-align: right; color: #773f5c;\">CHF 10<\/td>\n<\/tr>\n<\/tbody>\n<\/table>\n<p><!-- DIVERS --><\/p>\n<h2 style=\"color: #773f5c; border-bottom: 2px solid #773f5c; padding-bottom: 8px;\">Miscellaneous<\/h2>\n<table style=\"width: 100%; border-collapse: collapse; margin-bottom: 50px;\">\n<tbody>\n<tr style=\"background-color: #faf0f2;\">\n<td style=\"padding: 10px 14px;\">Eyebrow shaping<\/td>\n<td style=\"padding: 10px 14px; text-align: right; color: #773f5c;\">CHF 18<\/td>\n<\/tr>\n<tr>\n<td style=\"padding: 10px 14px;\">Eyebrow tinting<\/td>\n<td style=\"padding: 10px 14px; text-align: right; color: #773f5c;\">CHF 18<\/td>\n<\/tr>\n<tr style=\"background-color: #faf0f2;\">\n<td style=\"padding: 10px 14px;\">Lip\/nape hair removal<\/td>\n<td style=\"padding: 10px 14px; text-align: right; color: #773f5c;\">CHF 15<\/td>\n<\/tr>\n<\/tbody>\n<\/table>\n<p><!-- BOUTON R\u00c9SERVER BAS DE PAGE --><\/p>\n<div style=\"text-align: center; padding: 40px 0; background-color: #faf0f2; border-radius: 6px;\">\n<p style=\"font-size: 16px; color: #555; margin-bottom: 20px;\">Ready to book? It's quick and easy.<\/p>\n<p><a href=\"https:\/\/salonkee.ch\/salon\/karre-long\" style=\"background-color: #773f5c; color: #fff; padding: 14px 36px; border-radius: 4px; font-size: 16px; text-decoration: none; display: inline-block;\">Book now<br \/>\n<\/a><\/p>\n<\/div>\n<\/div>","protected":false},"excerpt":{"rendered":"<p>Retrouvez ci-dessous l&rsquo;ensemble de nos prestations et tarifs. Pour toute question, n&rsquo;h\u00e9sitez pas \u00e0 nous appeler au 021 624 71 83. R\u00e9server en ligne Coupe Femme Coupe + shampooing + brushing d\u00e8s CHF 72 Mise en forme \/ brushing + shampooing d\u00e8s CHF 51 Coupe de la frange CHF 11 [&hellip;]<\/p>\n","protected":false},"author":1,"featured_media":0,"parent":0,"menu_order":0,"comment_status":"closed","ping_status":"closed","template":"page-templates\/template-fullwidth.php","meta":{"footnotes":""},"class_list":["post-244","page","type-page","status-publish","hentry"],"yoast_head":"<!-- This site is optimized with the Yoast SEO plugin v27.4 - https:\/\/yoast.com\/product\/yoast-seo-wordpress\/ -->\n<title>Nos prestations - Karr&eacute; Long<\/title>\n<meta name=\"description\" content=\"Coupes, colorations, balayages, extensions, chignons mariage. D\u00e9couvrez nos services &amp; tarifs. R\u00e9servez en ligne chez Karr\u00e9 Long \u00e0 Lausanne\" \/>\n<meta name=\"robots\" content=\"index, follow, max-snippet:-1, max-image-preview:large, max-video-preview:-1\" \/>\n<link rel=\"canonical\" href=\"https:\/\/new.karrelong.ch\/en\/nos-prestations\/\" \/>\n<meta property=\"og:locale\" content=\"en_US\" \/>\n<meta property=\"og:type\" content=\"article\" \/>\n<meta property=\"og:title\" content=\"Nos prestations - Karr&eacute; Long\" \/>\n<meta property=\"og:description\" content=\"Coupes, colorations, balayages, extensions, chignons mariage. D\u00e9couvrez nos services &amp; tarifs. R\u00e9servez en ligne chez Karr\u00e9 Long \u00e0 Lausanne\" \/>\n<meta property=\"og:url\" content=\"https:\/\/new.karrelong.ch\/en\/nos-prestations\/\" \/>\n<meta property=\"og:site_name\" content=\"Karr&eacute; Long\" \/>\n<meta property=\"article:publisher\" content=\"https:\/\/www.facebook.com\/karrelong\" \/>\n<meta property=\"article:modified_time\" content=\"2026-04-15T08:17:18+00:00\" \/>\n<meta property=\"og:image\" content=\"https:\/\/new.karrelong.ch\/wp-content\/uploads\/2024\/06\/DSC06004-scaled.jpg\" \/>\n\t<meta property=\"og:image:width\" content=\"2560\" \/>\n\t<meta property=\"og:image:height\" content=\"1708\" \/>\n\t<meta property=\"og:image:type\" content=\"image\/jpeg\" \/>\n<meta name=\"twitter:card\" content=\"summary_large_image\" \/>\n<meta name=\"twitter:label1\" content=\"Est. reading time\" \/>\n\t<meta name=\"twitter:data1\" content=\"2 minutes\" \/>\n<script type=\"application\/ld+json\" class=\"yoast-schema-graph\">{\"@context\":\"https:\\\/\\\/schema.org\",\"@graph\":[{\"@type\":\"WebPage\",\"@id\":\"https:\\\/\\\/new.karrelong.ch\\\/nos-prestations\\\/\",\"url\":\"https:\\\/\\\/new.karrelong.ch\\\/nos-prestations\\\/\",\"name\":\"Nos prestations - Karr&eacute; Long\",\"isPartOf\":{\"@id\":\"https:\\\/\\\/new.karrelong.ch\\\/#website\"},\"datePublished\":\"2026-03-25T15:28:48+00:00\",\"dateModified\":\"2026-04-15T08:17:18+00:00\",\"description\":\"Coupes, colorations, balayages, extensions, chignons mariage. D\u00e9couvrez nos services & tarifs. R\u00e9servez en ligne chez Karr\u00e9 Long \u00e0 Lausanne\",\"breadcrumb\":{\"@id\":\"https:\\\/\\\/new.karrelong.ch\\\/nos-prestations\\\/#breadcrumb\"},\"inLanguage\":\"en-US\",\"potentialAction\":[{\"@type\":\"ReadAction\",\"target\":[\"https:\\\/\\\/new.karrelong.ch\\\/nos-prestations\\\/\"]}]},{\"@type\":\"BreadcrumbList\",\"@id\":\"https:\\\/\\\/new.karrelong.ch\\\/nos-prestations\\\/#breadcrumb\",\"itemListElement\":[{\"@type\":\"ListItem\",\"position\":1,\"name\":\"Home\",\"item\":\"https:\\\/\\\/new.karrelong.ch\\\/\"},{\"@type\":\"ListItem\",\"position\":2,\"name\":\"Nos prestations\"}]},{\"@type\":\"WebSite\",\"@id\":\"https:\\\/\\\/new.karrelong.ch\\\/#website\",\"url\":\"https:\\\/\\\/new.karrelong.ch\\\/\",\"name\":\"Karr\u00e9 Long\",\"description\":\"Salon professionnel de coiffure \u00e0 Lausanne depuis 2010, r\u00e9servation en ligne\",\"publisher\":{\"@id\":\"https:\\\/\\\/new.karrelong.ch\\\/#organization\"},\"potentialAction\":[{\"@type\":\"SearchAction\",\"target\":{\"@type\":\"EntryPoint\",\"urlTemplate\":\"https:\\\/\\\/new.karrelong.ch\\\/?s={search_term_string}\"},\"query-input\":{\"@type\":\"PropertyValueSpecification\",\"valueRequired\":true,\"valueName\":\"search_term_string\"}}],\"inLanguage\":\"en-US\"},{\"@type\":\"Organization\",\"@id\":\"https:\\\/\\\/new.karrelong.ch\\\/#organization\",\"name\":\"Karr\u00e9 Long\",\"url\":\"https:\\\/\\\/new.karrelong.ch\\\/\",\"logo\":{\"@type\":\"ImageObject\",\"inLanguage\":\"en-US\",\"@id\":\"https:\\\/\\\/new.karrelong.ch\\\/#\\\/schema\\\/logo\\\/image\\\/\",\"url\":\"https:\\\/\\\/new.karrelong.ch\\\/wp-content\\\/uploads\\\/2021\\\/01\\\/cropped-unnamed2-1.png\",\"contentUrl\":\"https:\\\/\\\/new.karrelong.ch\\\/wp-content\\\/uploads\\\/2021\\\/01\\\/cropped-unnamed2-1.png\",\"width\":421,\"height\":241,\"caption\":\"Karr\u00e9 Long\"},\"image\":{\"@id\":\"https:\\\/\\\/new.karrelong.ch\\\/#\\\/schema\\\/logo\\\/image\\\/\"},\"sameAs\":[\"https:\\\/\\\/www.facebook.com\\\/karrelong\",\"https:\\\/\\\/www.instagram.com\\\/karrelong\\\/\"]}]}<\/script>\n<!-- \/ Yoast SEO plugin. -->","yoast_head_json":{"title":"Nos prestations - Karr&eacute; Long","description":"Coupes, colorations, balayages, extensions, chignons mariage. D\u00e9couvrez nos services & tarifs. R\u00e9servez en ligne chez Karr\u00e9 Long \u00e0 Lausanne","robots":{"index":"index","follow":"follow","max-snippet":"max-snippet:-1","max-image-preview":"max-image-preview:large","max-video-preview":"max-video-preview:-1"},"canonical":"https:\/\/new.karrelong.ch\/en\/nos-prestations\/","og_locale":"en_US","og_type":"article","og_title":"Nos prestations - Karr&eacute; Long","og_description":"Coupes, colorations, balayages, extensions, chignons mariage. D\u00e9couvrez nos services & tarifs. R\u00e9servez en ligne chez Karr\u00e9 Long \u00e0 Lausanne","og_url":"https:\/\/new.karrelong.ch\/en\/nos-prestations\/","og_site_name":"Karr&eacute; Long","article_publisher":"https:\/\/www.facebook.com\/karrelong","article_modified_time":"2026-04-15T08:17:18+00:00","og_image":[{"width":2560,"height":1708,"url":"https:\/\/new.karrelong.ch\/wp-content\/uploads\/2024\/06\/DSC06004-scaled.jpg","type":"image\/jpeg"}],"twitter_card":"summary_large_image","twitter_misc":{"Est. reading time":"2 minutes"},"schema":{"@context":"https:\/\/schema.org","@graph":[{"@type":"WebPage","@id":"https:\/\/new.karrelong.ch\/nos-prestations\/","url":"https:\/\/new.karrelong.ch\/nos-prestations\/","name":"Nos prestations - Karr&eacute; Long","isPartOf":{"@id":"https:\/\/new.karrelong.ch\/#website"},"datePublished":"2026-03-25T15:28:48+00:00","dateModified":"2026-04-15T08:17:18+00:00","description":"Coupes, colorations, balayages, extensions, chignons mariage. D\u00e9couvrez nos services & tarifs. R\u00e9servez en ligne chez Karr\u00e9 Long \u00e0 Lausanne","breadcrumb":{"@id":"https:\/\/new.karrelong.ch\/nos-prestations\/#breadcrumb"},"inLanguage":"en-US","potentialAction":[{"@type":"ReadAction","target":["https:\/\/new.karrelong.ch\/nos-prestations\/"]}]},{"@type":"BreadcrumbList","@id":"https:\/\/new.karrelong.ch\/nos-prestations\/#breadcrumb","itemListElement":[{"@type":"ListItem","position":1,"name":"Home","item":"https:\/\/new.karrelong.ch\/"},{"@type":"ListItem","position":2,"name":"Nos prestations"}]},{"@type":"WebSite","@id":"https:\/\/new.karrelong.ch\/#website","url":"https:\/\/new.karrelong.ch\/","name":"Karr\u00e9 Long","description":"Salon professionnel de coiffure \u00e0 Lausanne depuis 2010, r\u00e9servation en ligne","publisher":{"@id":"https:\/\/new.karrelong.ch\/#organization"},"potentialAction":[{"@type":"SearchAction","target":{"@type":"EntryPoint","urlTemplate":"https:\/\/new.karrelong.ch\/?s={search_term_string}"},"query-input":{"@type":"PropertyValueSpecification","valueRequired":true,"valueName":"search_term_string"}}],"inLanguage":"en-US"},{"@type":"Organization","@id":"https:\/\/new.karrelong.ch\/#organization","name":"Karr\u00e9 Long","url":"https:\/\/new.karrelong.ch\/","logo":{"@type":"ImageObject","inLanguage":"en-US","@id":"https:\/\/new.karrelong.ch\/#\/schema\/logo\/image\/","url":"https:\/\/new.karrelong.ch\/wp-content\/uploads\/2021\/01\/cropped-unnamed2-1.png","contentUrl":"https:\/\/new.karrelong.ch\/wp-content\/uploads\/2021\/01\/cropped-unnamed2-1.png","width":421,"height":241,"caption":"Karr\u00e9 Long"},"image":{"@id":"https:\/\/new.karrelong.ch\/#\/schema\/logo\/image\/"},"sameAs":["https:\/\/www.facebook.com\/karrelong","https:\/\/www.instagram.com\/karrelong\/"]}]}},"_links":{"self":[{"href":"https:\/\/new.karrelong.ch\/en\/wp-json\/wp\/v2\/pages\/244","targetHints":{"allow":["GET"]}}],"collection":[{"href":"https:\/\/new.karrelong.ch\/en\/wp-json\/wp\/v2\/pages"}],"about":[{"href":"https:\/\/new.karrelong.ch\/en\/wp-json\/wp\/v2\/types\/page"}],"author":[{"embeddable":true,"href":"https:\/\/new.karrelong.ch\/en\/wp-json\/wp\/v2\/users\/1"}],"replies":[{"embeddable":true,"href":"https:\/\/new.karrelong.ch\/en\/wp-json\/wp\/v2\/comments?post=244"}],"version-history":[{"count":8,"href":"https:\/\/new.karrelong.ch\/en\/wp-json\/wp\/v2\/pages\/244\/revisions"}],"predecessor-version":[{"id":377,"href":"https:\/\/new.karrelong.ch\/en\/wp-json\/wp\/v2\/pages\/244\/revisions\/377"}],"wp:attachment":[{"href":"https:\/\/new.karrelong.ch\/en\/wp-json\/wp\/v2\/media?parent=244"}],"curies":[{"name":"wp","href":"https:\/\/api.w.org\/{rel}","templated":true}]}}