{"id":277,"date":"2026-03-26T09:50:01","date_gmt":"2026-03-26T08:50:01","guid":{"rendered":"https:\/\/new.karrelong.ch\/?page_id=277"},"modified":"2026-04-14T13:55:49","modified_gmt":"2026-04-14T12:55:49","slug":"questions-frequentes","status":"publish","type":"page","link":"https:\/\/new.karrelong.ch\/en\/questions-frequentes\/","title":{"rendered":"FAQ"},"content":{"rendered":"<div style=\"font-family: Fjalla One; max-width: 900px; margin: 0 auto;\">\n<p><!-- INTRO --><\/p>\n<p style=\"font-size: 16px; color: #555; margin-bottom: 40px;\">Please find all our services and rates below. For any questions, don\u2019t hesitate to call us at <strong>021 624 71 83<\/strong>.<\/p>\n<p><!-- BOUTON R\u00c9SERVER --><\/p>\n<div style=\"text-align: center; margin-bottom: 50px;\"><a href=\"https:\/\/salonkee.ch\/salon\/karre-long\" style=\"background-color: #773f5c; color: #fff; padding: 14px 36px; border-radius: 4px; font-size: 16px; text-decoration: none; display: inline-block;\">Book now<\/a><\/div>\n\n  <!-- PRATIQUE -->\n  <h2 style=\"color: #773f5c; border-bottom: 2px solid #773f5c; padding-bottom: 8px;\">\n    ? Practical Information\n  <\/h2>\n\n  <table style=\"width:100%; border-collapse: collapse; margin-bottom: 40px;\">\n    <tr style=\"background-color: rgb(250, 240, 242);\">\n      <td style=\"padding: 10px 14px; font-size: 18px; font-family: 'Fjalla One', sans-serif; color: rgb(60,72,88); font-weight: 600;\">Where are you located?<\/td>\n    <\/tr>\n    <tr>\n      <td style=\"padding: 6px 14px 14px 14px; font-size: 16px; font-family: 'Fjalla One', sans-serif; color: rgb(60,72,88)\">Route de Prilly 5, 1004 Lausanne. We are easily accessible by public transport (bus, or M1 metro via the Malley or Bourdonnette stops).<\/td>\n    <\/tr>\n    <tr style=\"background-color: rgb(250, 240, 242);\">\n      <td style=\"padding: 10px 14px; font-size: 18px; font-family: 'Fjalla One', sans-serif; color: rgb(60,72,88); font-weight: 600;\">Where can I park?<\/td>\n    <\/tr>\n    <tr>\n      <td style=\"padding: 6px 14px 14px 14px; font-size: 16px; font-family: 'Fjalla One', sans-serif; color: rgb(60,72,88);\">The salon has one private parking space for clients. Additional street parking is available in the surrounding area (Route de Prilly, Chemin Benjamin-Dumur, and Chemin de Champrilly).<\/td>\n    <\/tr>\n    <tr style=\"background-color: rgb(250, 240, 242);\">\n      <td style=\"padding: 10px 14px; font-size: 18px; font-family: 'Fjalla One', sans-serif; color: rgb(60,72,88); font-weight: 600;\">What are your opening hours?<\/td>\n    <\/tr>\n    <tr>\n      <td style=\"padding: 6px 14px 14px 14px; font-size: 16px; font-family: 'Fjalla One', sans-serif; color: rgb(60,72,88);\">Mardi &#8211; Vendredi : 8h30 &#8211; 18h30<br>Samedi : 8h00 &#8211; 15h00<br>Sunday &amp; Monday: Closed<\/td>\n    <\/tr>\n    <tr style=\"background-color: rgb(250, 240, 242);\">\n      <td style=\"padding: 10px 14px; font-size: 18px; font-family: 'Fjalla One', sans-serif; color: rgb(60,72,88); font-weight: 600;\">What payment methods do you accept?<\/td>\n    <\/tr>\n    <tr>\n      <td style=\"padding: 6px 14px 14px 14px; font-size: 16px; font-family: 'Fjalla One', sans-serif; color: rgb(60,72,88);\">We accept cash, credit\/debit cards (Visa, Mastercard), and Twint.<\/td>\n    <\/tr>\n  <\/table>\n\n  <!-- R\u00c9SERVATION -->\n  <h2 style=\"color: rgb(119, 63, 92); font-size: 37px; font-weight: 500; border-bottom: 2px solid rgb(119, 63, 92); padding-bottom: 8px; margin-top: 40px; font-family: 'Fjalla One', sans-serif;\">\n    ? Booking &amp; Appointments\n  <\/h2>\n\n  <table style=\"width:100%; border-collapse: collapse; margin-bottom: 40px;\">\n    <tr style=\"background-color: rgb(250, 240, 242);\">\n      <td style=\"padding: 10px 14px; font-size: 18px; font-family: 'Fjalla One', sans-serif; color: rgb(60,72,88); font-weight: 600;\">Do I need to book, or can I just walk in?<\/td>\n    <\/tr>\n    <tr>\n      <td style=\"padding: 6px 14px 14px 14px; font-size: 16px; font-family: 'Fjalla One', sans-serif; color: rgb(60,72,88);\">Online booking is highly recommended to guarantee your time slot. You can book directly through our website 24\/7. Walk-ins are possible, but they are subject to our current availability.<\/td>\n    <\/tr>\n    <tr style=\"background-color: rgb(250, 240, 242);\">\n      <td style=\"padding: 10px 14px; font-size: 18px; font-family: 'Fjalla One', sans-serif; color: rgb(60,72,88); font-weight: 600;\">How can I cancel or modify an appointment?<\/td>\n    <\/tr>\n    <tr>\n      <td style=\"padding: 6px 14px 14px 14px; font-size: 16px; font-family: 'Fjalla One', sans-serif; color: rgb(60,72,88);\">You can modify or cancel your appointment directly using the confirmation link you received. Alternatively, you can contact us by phone at 021 624 71 83. We kindly ask that you notify us at least 24 hours in advance.<\/td>\n    <\/tr>\n  <\/table>\n\n  <!-- AVANT LA VISITE -->\n  <h2 style=\"color: rgb(119, 63, 92); font-size: 37px; font-weight: 500; border-bottom: 2px solid rgb(119, 63, 92); padding-bottom: 8px; margin-top: 40px; font-family: 'Fjalla One', sans-serif;\">\n    ? Before Your Visit\n  <\/h2>\n\n  <table style=\"width:100%; border-collapse: collapse; margin-bottom: 40px;\">\n    <tr style=\"background-color: rgb(250, 240, 242);\">\n      <td style=\"padding: 10px 14px; font-size: 18px; font-family: 'Fjalla One', sans-serif; color: rgb(60,72,88); font-weight: 600;\">Should I arrive with clean or unwashed hair?<\/td>\n    <\/tr>\n    <tr>\n      <td style=\"padding: 6px 14px 14px 14px; font-size: 16px; font-family: 'Fjalla One', sans-serif; color: rgb(60,72,88);\">For most services, we perform a shampoo at the salon. For hair coloring, it is actually better to arrive with slightly unwashed hair (not washed for 1\u20132 days), as the natural oils help protect your scalp.<\/td>\n    <\/tr>\n    <tr style=\"background-color: rgb(250, 240, 242);\">\n      <td style=\"padding: 10px 14px; font-size: 18px; font-family: 'Fjalla One', sans-serif; color: rgb(60,72,88); font-weight: 600;\">How long does a coloring service take?<\/td>\n    <\/tr>\n    <tr>\n      <td style=\"padding: 6px 14px 14px 14px; font-size: 16px; font-family: 'Fjalla One', sans-serif; color: rgb(60,72,88);\">On average, allow between 1.5 to 2.5 hours depending on the technique chosen. For full highlights or a balayage, please plan for up to 3 hours. Kelly will give you a precise estimate when you book.<\/td>\n    <\/tr>\n    <tr style=\"background-color: rgb(250, 240, 242);\">\n      <td style=\"padding: 10px 14px; font-size: 18px; font-family: 'Fjalla One', sans-serif; color: rgb(60,72,88); font-weight: 600;\">How long does it take to apply extensions?<\/td>\n    <\/tr>\n    <tr>\n      <td style=\"padding: 6px 14px 14px 14px; font-size: 16px; font-family: 'Fjalla One', sans-serif; color: rgb(60,72,88);\">A Great Lengths extension application typically takes between 2 and 4 hours, depending on the number of strands. We will provide a time estimate during your mandatory free consultation prior to the appointment.<\/td>\n    <\/tr>\n  <\/table>\n\n  <!-- SERVICES -->\n  <h2 style=\"color: rgb(119, 63, 92); font-size: 37px; font-weight: 500; border-bottom: 2px solid rgb(119, 63, 92); padding-bottom: 8px; margin-top: 40px; font-family: 'Fjalla One', sans-serif;\">\n    \u2702\ufe0f Our services\n  <\/h2>\n\n  <table style=\"width:100%; border-collapse: collapse; margin-bottom: 40px;\">\n    <tr style=\"background-color: rgb(250, 240, 242);\">\n      <td style=\"padding: 10px 14px; font-size: 18px; font-family: 'Fjalla One', sans-serif; color: rgb(60,72,88); font-weight: 600;\">Are children welcome?<\/td>\n    <\/tr>\n    <tr>\n      <td style=\"padding: 6px 14px 14px 14px; font-size: 16px; font-family: 'Fjalla One', sans-serif; color: rgb(60,72,88);\">Yes, we offer haircuts for children of all ages. Please check our services page for pricing, which varies according to the child's age.<\/td>\n    <\/tr>\n    <tr style=\"background-color: rgb(250, 240, 242);\">\n      <td style=\"padding: 10px 14px; font-size: 18px; font-family: 'Fjalla One', sans-serif; color: rgb(60,72,88); font-weight: 600;\">Do you offer services for men?<\/td>\n    <\/tr>\n    <tr>\n      <td style=\"padding: 6px 14px 14px 14px; font-size: 16px; font-family: 'Fjalla One', sans-serif; color: rgb(60,72,88);\">Yes, we welcome men for a full range of services, including haircuts, coloring, shampoo &amp; styling, and close shaves.<\/td>\n    <\/tr>\n    <tr style=\"background-color: rgb(250, 240, 242);\">\n      <td style=\"padding: 10px 14px; font-size: 18px; font-family: 'Fjalla One', sans-serif; color: rgb(60,72,88); font-weight: 600;\">What is hair cryotherapy?<\/td>\n    <\/tr>\n    <tr>\n      <td style=\"padding: 6px 14px 14px 14px; font-size: 16px; font-family: 'Fjalla One', sans-serif; color: rgb(60,72,88);\">Hair cryotherapy uses extreme cold to seal the hair cuticles, strengthen the hair fiber, and provide intense shine and softness. It is an ideal treatment for damaged, colored, or weakened hair that needs deep revitalization.<\/td>\n    <\/tr>\n    <tr style=\"background-color: rgb(250, 240, 242);\">\n      <td style=\"padding: 10px 14px; font-size: 18px; font-family: 'Fjalla One', sans-serif; color: rgb(60,72,88); font-weight: 600;\">Do you sell products in the salon?<\/td>\n    <\/tr>\n    <tr>\n      <td style=\"padding: 6px 14px 14px 14px; font-size: 16px; font-family: 'Fjalla One', sans-serif; color: rgb(60,72,88);\">Yes, we offer a curated selection of professional Keune and Swissliss products. Our team will be happy to recommend the best products for your specific hair type and needs.<\/td>\n    <\/tr>\n    <tr style=\"background-color: rgb(250, 240, 242);\">\n      <td style=\"padding: 10px 14px; font-size: 18px; font-family: 'Fjalla One', sans-serif; color: rgb(60,72,88); font-weight: 600;\">Do you offer nail services?<\/td>\n    <\/tr>\n    <tr>\n      <td style=\"padding: 6px 14px 14px 14px; font-size: 16px; font-family: 'Fjalla One', sans-serif; color: rgb(60,72,88);\">Yes! Ruby, our nail technician, offers a complete range of services: nail extensions, BIAB (Builder In A Bottle), semi-permanent gel polish, nail art, manicures, and hand care. You can book your nail appointment directly through our online booking page.<\/td>\n    <\/tr>\n  <\/table>\n\n  <!-- BOUTON BAS DE PAGE -->\n  <div style=\"text-align: center; margin-top: 50px; padding: 40px 20px; background-color: rgb(250, 240, 242);\">\n    <p style=\"font-size: 18px; color: rgb(60, 72, 88); margin-bottom: 20px; font-family: 'Fjalla One', sans-serif;\">Have more questions? Get in touch with us directly.<\/p>\n    <a href=\"https:\/\/salonkee.ch\/salon\/karre-long\" style=\"background-color: rgb(119, 63, 92); color: #fff; padding: 12px 32px; font-family: 'Fjalla One', sans-serif; font-size: 18px; text-decoration: none; display: inline-block;\">Book now<\/a>\n  <\/div>\n\n<\/div>\n\n\n\n<p><\/p>","protected":false},"excerpt":{"rendered":"<p>Retrouvez ci-dessous l&rsquo;ensemble de nos prestations et tarifs. Pour toute question, n&rsquo;h\u00e9sitez pas \u00e0 nous appeler au 021 624 71 83. R\u00e9server en ligne ? Informations pratiques O\u00f9 \u00eates-vous situ\u00e9s ? Route de Prilly 5, 1004 Lausanne. Facilement accessible en transports publics (bus, m\u00e9tro M1 arr\u00eat Malley ou Bourdonnette). O\u00f9 [&hellip;]<\/p>\n","protected":false},"author":1,"featured_media":0,"parent":0,"menu_order":0,"comment_status":"closed","ping_status":"closed","template":"page-templates\/template-fullwidth.php","meta":{"footnotes":""},"class_list":["post-277","page","type-page","status-publish","hentry"],"yoast_head":"<!-- This site is optimized with the Yoast SEO plugin v27.4 - https:\/\/yoast.com\/product\/yoast-seo-wordpress\/ -->\n<title>Questions fr\u00e9quentes - Coiffeur \u00e0 Lausanne | Karr&eacute; Long<\/title>\n<meta name=\"description\" content=\"Horaires, tarifs, r\u00e9servation, extensions, ongles\u2026 Toutes les r\u00e9ponses avant votre visite chez Karr\u00e9 Long, salon de coiffure \u00e0 Lausanne.\" \/>\n<meta name=\"robots\" content=\"index, follow, max-snippet:-1, max-image-preview:large, max-video-preview:-1\" \/>\n<link rel=\"canonical\" href=\"https:\/\/new.karrelong.ch\/en\/questions-frequentes\/\" \/>\n<meta property=\"og:locale\" content=\"en_US\" \/>\n<meta property=\"og:type\" content=\"article\" \/>\n<meta property=\"og:title\" content=\"Questions fr\u00e9quentes - Coiffeur \u00e0 Lausanne | Karr&eacute; Long\" \/>\n<meta property=\"og:description\" content=\"Horaires, tarifs, r\u00e9servation, extensions, ongles\u2026 Toutes les r\u00e9ponses avant votre visite chez Karr\u00e9 Long, salon de coiffure \u00e0 Lausanne.\" \/>\n<meta property=\"og:url\" content=\"https:\/\/new.karrelong.ch\/en\/questions-frequentes\/\" \/>\n<meta property=\"og:site_name\" content=\"Karr&eacute; Long\" \/>\n<meta property=\"article:publisher\" content=\"https:\/\/www.facebook.com\/karrelong\" \/>\n<meta property=\"article:modified_time\" content=\"2026-04-14T12:55:49+00:00\" \/>\n<meta property=\"og:image\" content=\"https:\/\/new.karrelong.ch\/wp-content\/uploads\/2024\/06\/DSC06004-scaled.jpg\" \/>\n\t<meta property=\"og:image:width\" content=\"2560\" \/>\n\t<meta property=\"og:image:height\" content=\"1708\" \/>\n\t<meta property=\"og:image:type\" content=\"image\/jpeg\" \/>\n<meta name=\"twitter:card\" content=\"summary_large_image\" \/>\n<meta name=\"twitter:label1\" content=\"Est. reading time\" \/>\n\t<meta name=\"twitter:data1\" content=\"3 minutes\" \/>\n<script type=\"application\/ld+json\" class=\"yoast-schema-graph\">{\"@context\":\"https:\\\/\\\/schema.org\",\"@graph\":[{\"@type\":\"WebPage\",\"@id\":\"https:\\\/\\\/new.karrelong.ch\\\/en\\\/questions-frequentes\\\/\",\"url\":\"https:\\\/\\\/new.karrelong.ch\\\/en\\\/questions-frequentes\\\/\",\"name\":\"Questions fr\u00e9quentes - Coiffeur \u00e0 Lausanne | Karr&eacute; Long\",\"isPartOf\":{\"@id\":\"https:\\\/\\\/new.karrelong.ch\\\/#website\"},\"datePublished\":\"2026-03-26T08:50:01+00:00\",\"dateModified\":\"2026-04-14T12:55:49+00:00\",\"description\":\"Horaires, tarifs, r\u00e9servation, extensions, ongles\u2026 Toutes les r\u00e9ponses avant votre visite chez Karr\u00e9 Long, salon de coiffure \u00e0 Lausanne.\",\"breadcrumb\":{\"@id\":\"https:\\\/\\\/new.karrelong.ch\\\/en\\\/questions-frequentes\\\/#breadcrumb\"},\"inLanguage\":\"en-US\",\"potentialAction\":[{\"@type\":\"ReadAction\",\"target\":[\"https:\\\/\\\/new.karrelong.ch\\\/en\\\/questions-frequentes\\\/\"]}]},{\"@type\":\"BreadcrumbList\",\"@id\":\"https:\\\/\\\/new.karrelong.ch\\\/en\\\/questions-frequentes\\\/#breadcrumb\",\"itemListElement\":[{\"@type\":\"ListItem\",\"position\":1,\"name\":\"Home\",\"item\":\"https:\\\/\\\/new.karrelong.ch\\\/\"},{\"@type\":\"ListItem\",\"position\":2,\"name\":\"Questions fr\u00e9quentes\"}]},{\"@type\":\"WebSite\",\"@id\":\"https:\\\/\\\/new.karrelong.ch\\\/#website\",\"url\":\"https:\\\/\\\/new.karrelong.ch\\\/\",\"name\":\"Karr\u00e9 Long\",\"description\":\"Salon professionnel de coiffure \u00e0 Lausanne depuis 2010, r\u00e9servation en ligne\",\"publisher\":{\"@id\":\"https:\\\/\\\/new.karrelong.ch\\\/#organization\"},\"potentialAction\":[{\"@type\":\"SearchAction\",\"target\":{\"@type\":\"EntryPoint\",\"urlTemplate\":\"https:\\\/\\\/new.karrelong.ch\\\/?s={search_term_string}\"},\"query-input\":{\"@type\":\"PropertyValueSpecification\",\"valueRequired\":true,\"valueName\":\"search_term_string\"}}],\"inLanguage\":\"en-US\"},{\"@type\":\"Organization\",\"@id\":\"https:\\\/\\\/new.karrelong.ch\\\/#organization\",\"name\":\"Karr\u00e9 Long\",\"url\":\"https:\\\/\\\/new.karrelong.ch\\\/\",\"logo\":{\"@type\":\"ImageObject\",\"inLanguage\":\"en-US\",\"@id\":\"https:\\\/\\\/new.karrelong.ch\\\/#\\\/schema\\\/logo\\\/image\\\/\",\"url\":\"https:\\\/\\\/new.karrelong.ch\\\/wp-content\\\/uploads\\\/2021\\\/01\\\/cropped-unnamed2-1.png\",\"contentUrl\":\"https:\\\/\\\/new.karrelong.ch\\\/wp-content\\\/uploads\\\/2021\\\/01\\\/cropped-unnamed2-1.png\",\"width\":421,\"height\":241,\"caption\":\"Karr\u00e9 Long\"},\"image\":{\"@id\":\"https:\\\/\\\/new.karrelong.ch\\\/#\\\/schema\\\/logo\\\/image\\\/\"},\"sameAs\":[\"https:\\\/\\\/www.facebook.com\\\/karrelong\",\"https:\\\/\\\/www.instagram.com\\\/karrelong\\\/\"]}]}<\/script>\n<!-- \/ Yoast SEO plugin. -->","yoast_head_json":{"title":"Questions fr\u00e9quentes - Coiffeur \u00e0 Lausanne | Karr&eacute; Long","description":"Horaires, tarifs, r\u00e9servation, extensions, ongles\u2026 Toutes les r\u00e9ponses avant votre visite chez Karr\u00e9 Long, salon de coiffure \u00e0 Lausanne.","robots":{"index":"index","follow":"follow","max-snippet":"max-snippet:-1","max-image-preview":"max-image-preview:large","max-video-preview":"max-video-preview:-1"},"canonical":"https:\/\/new.karrelong.ch\/en\/questions-frequentes\/","og_locale":"en_US","og_type":"article","og_title":"Questions fr\u00e9quentes - Coiffeur \u00e0 Lausanne | Karr&eacute; Long","og_description":"Horaires, tarifs, r\u00e9servation, extensions, ongles\u2026 Toutes les r\u00e9ponses avant votre visite chez Karr\u00e9 Long, salon de coiffure \u00e0 Lausanne.","og_url":"https:\/\/new.karrelong.ch\/en\/questions-frequentes\/","og_site_name":"Karr&eacute; Long","article_publisher":"https:\/\/www.facebook.com\/karrelong","article_modified_time":"2026-04-14T12:55:49+00:00","og_image":[{"width":2560,"height":1708,"url":"https:\/\/new.karrelong.ch\/wp-content\/uploads\/2024\/06\/DSC06004-scaled.jpg","type":"image\/jpeg"}],"twitter_card":"summary_large_image","twitter_misc":{"Est. reading time":"3 minutes"},"schema":{"@context":"https:\/\/schema.org","@graph":[{"@type":"WebPage","@id":"https:\/\/new.karrelong.ch\/en\/questions-frequentes\/","url":"https:\/\/new.karrelong.ch\/en\/questions-frequentes\/","name":"Questions fr\u00e9quentes - Coiffeur \u00e0 Lausanne | Karr&eacute; Long","isPartOf":{"@id":"https:\/\/new.karrelong.ch\/#website"},"datePublished":"2026-03-26T08:50:01+00:00","dateModified":"2026-04-14T12:55:49+00:00","description":"Horaires, tarifs, r\u00e9servation, extensions, ongles\u2026 Toutes les r\u00e9ponses avant votre visite chez Karr\u00e9 Long, salon de coiffure \u00e0 Lausanne.","breadcrumb":{"@id":"https:\/\/new.karrelong.ch\/en\/questions-frequentes\/#breadcrumb"},"inLanguage":"en-US","potentialAction":[{"@type":"ReadAction","target":["https:\/\/new.karrelong.ch\/en\/questions-frequentes\/"]}]},{"@type":"BreadcrumbList","@id":"https:\/\/new.karrelong.ch\/en\/questions-frequentes\/#breadcrumb","itemListElement":[{"@type":"ListItem","position":1,"name":"Home","item":"https:\/\/new.karrelong.ch\/"},{"@type":"ListItem","position":2,"name":"Questions fr\u00e9quentes"}]},{"@type":"WebSite","@id":"https:\/\/new.karrelong.ch\/#website","url":"https:\/\/new.karrelong.ch\/","name":"Karr\u00e9 Long","description":"Salon professionnel de coiffure \u00e0 Lausanne depuis 2010, r\u00e9servation en ligne","publisher":{"@id":"https:\/\/new.karrelong.ch\/#organization"},"potentialAction":[{"@type":"SearchAction","target":{"@type":"EntryPoint","urlTemplate":"https:\/\/new.karrelong.ch\/?s={search_term_string}"},"query-input":{"@type":"PropertyValueSpecification","valueRequired":true,"valueName":"search_term_string"}}],"inLanguage":"en-US"},{"@type":"Organization","@id":"https:\/\/new.karrelong.ch\/#organization","name":"Karr\u00e9 Long","url":"https:\/\/new.karrelong.ch\/","logo":{"@type":"ImageObject","inLanguage":"en-US","@id":"https:\/\/new.karrelong.ch\/#\/schema\/logo\/image\/","url":"https:\/\/new.karrelong.ch\/wp-content\/uploads\/2021\/01\/cropped-unnamed2-1.png","contentUrl":"https:\/\/new.karrelong.ch\/wp-content\/uploads\/2021\/01\/cropped-unnamed2-1.png","width":421,"height":241,"caption":"Karr\u00e9 Long"},"image":{"@id":"https:\/\/new.karrelong.ch\/#\/schema\/logo\/image\/"},"sameAs":["https:\/\/www.facebook.com\/karrelong","https:\/\/www.instagram.com\/karrelong\/"]}]}},"_links":{"self":[{"href":"https:\/\/new.karrelong.ch\/en\/wp-json\/wp\/v2\/pages\/277","targetHints":{"allow":["GET"]}}],"collection":[{"href":"https:\/\/new.karrelong.ch\/en\/wp-json\/wp\/v2\/pages"}],"about":[{"href":"https:\/\/new.karrelong.ch\/en\/wp-json\/wp\/v2\/types\/page"}],"author":[{"embeddable":true,"href":"https:\/\/new.karrelong.ch\/en\/wp-json\/wp\/v2\/users\/1"}],"replies":[{"embeddable":true,"href":"https:\/\/new.karrelong.ch\/en\/wp-json\/wp\/v2\/comments?post=277"}],"version-history":[{"count":13,"href":"https:\/\/new.karrelong.ch\/en\/wp-json\/wp\/v2\/pages\/277\/revisions"}],"predecessor-version":[{"id":358,"href":"https:\/\/new.karrelong.ch\/en\/wp-json\/wp\/v2\/pages\/277\/revisions\/358"}],"wp:attachment":[{"href":"https:\/\/new.karrelong.ch\/en\/wp-json\/wp\/v2\/media?parent=277"}],"curies":[{"name":"wp","href":"https:\/\/api.w.org\/{rel}","templated":true}]}}