{"id":305,"date":"2026-03-26T18:31:24","date_gmt":"2026-03-26T17:31:24","guid":{"rendered":"https:\/\/new.karrelong.ch\/coiffure-mariage-lausanne\/"},"modified":"2026-04-15T09:18:06","modified_gmt":"2026-04-15T08:18:06","slug":"coiffure-mariage-lausanne","status":"publish","type":"page","link":"https:\/\/new.karrelong.ch\/en\/coiffure-mariage-lausanne\/","title":{"rendered":"Updos, Bridal &amp; Event Hairstyling in Lausanne"},"content":{"rendered":"<div style=\"font-family: 'Fjalla One', sans-serif; max-width: 900px; margin: 0 auto; padding: 20px 0; color: rgb(60, 72, 88);\">\n\n  <p style=\"font-size: 18px; color: rgb(60,72,88); margin-bottom: 24px; line-height: 1.7;\">\n    Your wedding deserves a perfect hairstyle. At Karr\u00e9 Long in Lausanne, Kelly and her team support you for the most beautiful day of your life - trial included, weekend availability and on-site services available.\n  <\/p>\n\n <h2 style=\"color: #773f5c; border-bottom: 2px solid #773f5c; padding-bottom: 8px;\">Updos, Bridal &amp; Event Hairstyling<\/h2>\n<table style=\"width: 100%; border-collapse: collapse; margin-bottom: 40px;\">\n<tbody>\n<tr style=\"background-color: #faf0f2;\">\n<td style=\"padding: 10px 14px;\">Evening Updo<\/td>\n<td style=\"padding: 10px 14px; text-align: right; color: #773f5c;\">CHF 85<\/td>\n<\/tr>\n<tr>\n<td style=\"padding: 10px 14px;\">Other Evening Hairstyles<\/td>\n<td style=\"padding: 10px 14px; text-align: right; color: #773f5c;\">CHF 68<\/td>\n<\/tr>\n<tr style=\"background-color: #faf0f2;\">\n<td style=\"padding: 10px 14px;\">Bridal Updo<\/td>\n<td style=\"padding: 10px 14px; text-align: right; color: #773f5c;\">CHF 93<\/td>\n<\/tr>\n<tr>\n<td style=\"padding: 10px 14px;\">Wedding Package<\/td>\n<td style=\"padding: 10px 14px; text-align: right; color: #773f5c;\">starting from CHF 181<\/td>\n<\/tr>\n<tr style=\"background-color: #faf0f2;\">\n<td style=\"padding: 10px 14px;\">Full Wedding Package <span style=\"font-size: 13px; color: #888;\">(Hair + Makeup)<\/span><\/td>\n<td style=\"padding: 10px 14px; text-align: right; color: #773f5c;\">CHF 366<\/td>\n<\/tr>\n<tr>\n<td style=\"padding: 10px 14px;\">Day Makeup<\/td>\n<td style=\"padding: 10px 14px; text-align: right; color: #773f5c;\">starting from CHF 44<\/td>\n<\/tr>\n<tr style=\"background-color: #faf0f2;\">\n<td style=\"padding: 10px 14px;\">Bridal Makeup<\/td>\n<td style=\"padding: 10px 14px; text-align: right; color: #773f5c;\">starting from CHF 73<\/td>\n<\/tr>\n<\/tbody>\n<\/table>\n\n  <h2 style=\"color: rgb(119,63,92); font-size: 32px; font-weight: 500; border-bottom: 2px solid rgb(119,63,92); padding-bottom: 8px; margin-top: 40px; font-family: 'Fjalla One', sans-serif;\">Bachelorette Party - Group Hairstyling<\/h2>\n  <p style=\"font-size: 16px; color: rgb(60,72,88); margin-top: 16px; line-height: 1.8;\">\n    Planning a bachelorette party in Lausanne? Karr\u00e9 Long welcomes your group for evening hairstyles, festive blowouts, or updos. Contact us to organize your special moment with friends!\n  <\/p>\n\n  <div style=\"text-align: center; margin-top: 50px; padding: 40px 20px; background-color: rgb(250,240,242);\">\n    <p style=\"font-size: 18px; color: rgb(60,72,88); margin-bottom: 20px; font-family: 'Fjalla One', sans-serif;\">Book your bridal hairstyle<\/p>\n    <a href=\"https:\/\/salonkee.ch\/salon\/karre-long\" style=\"background-color: rgb(119,63,92); color: #fff; padding: 12px 32px; font-family: 'Fjalla One', sans-serif; font-size: 18px; text-decoration: none; display: inline-block;\">Book now<\/a>\n  <\/div>\n<\/div>","protected":false},"excerpt":{"rendered":"<p>Votre mariage m\u00e9rite une coiffure parfaite. Chez Karr\u00e9 Long \u00e0 Lausanne, Kelly et son \u00e9quipe vous accompagnent pour le plus beau jour de votre vie &#8211; essai inclus, disponibilit\u00e9 le weekend et d\u00e9placement possible. Chignons, Mariages &amp; Ev\u00e8nements Chignon de soir\u00e9e CHF 85 Autre coiffure de soir\u00e9e CHF 68 Chignon [&hellip;]<\/p>\n","protected":false},"author":1,"featured_media":0,"parent":0,"menu_order":0,"comment_status":"closed","ping_status":"closed","template":"page-templates\/template-fullwidth.php","meta":{"footnotes":""},"class_list":["post-305","page","type-page","status-publish","hentry"],"yoast_head":"<!-- This site is optimized with the Yoast SEO plugin v27.4 - https:\/\/yoast.com\/product\/yoast-seo-wordpress\/ -->\n<title>Chignons, coiffure mariages &amp; \u00e9v\u00e8nements \u00e0 Lausanne - Karr&eacute; Long<\/title>\n<meta name=\"description\" content=\"Coiffure mariage &amp; \u00e9v\u00e9nements \u00e0 Lausanne: chignons &amp; coiffures de mariage par Karr\u00e9 Long. Disponible le weekend. R\u00e9servez en ligne.\" \/>\n<meta name=\"robots\" content=\"index, follow, max-snippet:-1, max-image-preview:large, max-video-preview:-1\" \/>\n<link rel=\"canonical\" href=\"https:\/\/new.karrelong.ch\/en\/coiffure-mariage-lausanne\/\" \/>\n<meta property=\"og:locale\" content=\"en_US\" \/>\n<meta property=\"og:type\" content=\"article\" \/>\n<meta property=\"og:title\" content=\"Chignons, coiffure mariages &amp; \u00e9v\u00e8nements \u00e0 Lausanne - Karr&eacute; Long\" \/>\n<meta property=\"og:description\" content=\"Coiffure mariage &amp; \u00e9v\u00e9nements \u00e0 Lausanne: chignons &amp; coiffures de mariage par Karr\u00e9 Long. Disponible le weekend. R\u00e9servez en ligne.\" \/>\n<meta property=\"og:url\" content=\"https:\/\/new.karrelong.ch\/en\/coiffure-mariage-lausanne\/\" \/>\n<meta property=\"og:site_name\" content=\"Karr&eacute; Long\" \/>\n<meta property=\"article:publisher\" content=\"https:\/\/www.facebook.com\/karrelong\" \/>\n<meta property=\"article:modified_time\" content=\"2026-04-15T08:18:06+00:00\" \/>\n<meta property=\"og:image\" content=\"https:\/\/new.karrelong.ch\/wp-content\/uploads\/2024\/06\/DSC06004-scaled.jpg\" \/>\n\t<meta property=\"og:image:width\" content=\"2560\" \/>\n\t<meta property=\"og:image:height\" content=\"1708\" \/>\n\t<meta property=\"og:image:type\" content=\"image\/jpeg\" \/>\n<meta name=\"twitter:card\" content=\"summary_large_image\" \/>\n<meta name=\"twitter:label1\" content=\"Est. reading time\" \/>\n\t<meta name=\"twitter:data1\" content=\"1 minute\" \/>\n<script type=\"application\/ld+json\" class=\"yoast-schema-graph\">{\"@context\":\"https:\\\/\\\/schema.org\",\"@graph\":[{\"@type\":\"WebPage\",\"@id\":\"https:\\\/\\\/new.karrelong.ch\\\/en\\\/coiffure-mariage-lausanne\\\/\",\"url\":\"https:\\\/\\\/new.karrelong.ch\\\/en\\\/coiffure-mariage-lausanne\\\/\",\"name\":\"Chignons, coiffure mariages & \u00e9v\u00e8nements \u00e0 Lausanne - Karr&eacute; Long\",\"isPartOf\":{\"@id\":\"http:\\\/\\\/new.karrelong.ch\\\/#website\"},\"datePublished\":\"2026-03-26T17:31:24+00:00\",\"dateModified\":\"2026-04-15T08:18:06+00:00\",\"description\":\"Coiffure mariage & \u00e9v\u00e9nements \u00e0 Lausanne: chignons & coiffures de mariage par Karr\u00e9 Long. Disponible le weekend. R\u00e9servez en ligne.\",\"breadcrumb\":{\"@id\":\"https:\\\/\\\/new.karrelong.ch\\\/en\\\/coiffure-mariage-lausanne\\\/#breadcrumb\"},\"inLanguage\":\"en-US\",\"potentialAction\":[{\"@type\":\"ReadAction\",\"target\":[\"https:\\\/\\\/new.karrelong.ch\\\/en\\\/coiffure-mariage-lausanne\\\/\"]}]},{\"@type\":\"BreadcrumbList\",\"@id\":\"https:\\\/\\\/new.karrelong.ch\\\/en\\\/coiffure-mariage-lausanne\\\/#breadcrumb\",\"itemListElement\":[{\"@type\":\"ListItem\",\"position\":1,\"name\":\"Home\",\"item\":\"http:\\\/\\\/new.karrelong.ch\\\/\"},{\"@type\":\"ListItem\",\"position\":2,\"name\":\"Chignons, coiffure mariages &#038; \u00e9v\u00e8nements \u00e0 Lausanne\"}]},{\"@type\":\"WebSite\",\"@id\":\"http:\\\/\\\/new.karrelong.ch\\\/#website\",\"url\":\"http:\\\/\\\/new.karrelong.ch\\\/\",\"name\":\"Karr\u00e9 Long\",\"description\":\"Salon professionnel de coiffure \u00e0 Lausanne depuis 2010, r\u00e9servation en ligne\",\"publisher\":{\"@id\":\"http:\\\/\\\/new.karrelong.ch\\\/#organization\"},\"potentialAction\":[{\"@type\":\"SearchAction\",\"target\":{\"@type\":\"EntryPoint\",\"urlTemplate\":\"http:\\\/\\\/new.karrelong.ch\\\/?s={search_term_string}\"},\"query-input\":{\"@type\":\"PropertyValueSpecification\",\"valueRequired\":true,\"valueName\":\"search_term_string\"}}],\"inLanguage\":\"en-US\"},{\"@type\":\"Organization\",\"@id\":\"http:\\\/\\\/new.karrelong.ch\\\/#organization\",\"name\":\"Karr\u00e9 Long\",\"url\":\"http:\\\/\\\/new.karrelong.ch\\\/\",\"logo\":{\"@type\":\"ImageObject\",\"inLanguage\":\"en-US\",\"@id\":\"http:\\\/\\\/new.karrelong.ch\\\/#\\\/schema\\\/logo\\\/image\\\/\",\"url\":\"https:\\\/\\\/new.karrelong.ch\\\/wp-content\\\/uploads\\\/2021\\\/01\\\/cropped-unnamed2-1.png\",\"contentUrl\":\"https:\\\/\\\/new.karrelong.ch\\\/wp-content\\\/uploads\\\/2021\\\/01\\\/cropped-unnamed2-1.png\",\"width\":421,\"height\":241,\"caption\":\"Karr\u00e9 Long\"},\"image\":{\"@id\":\"http:\\\/\\\/new.karrelong.ch\\\/#\\\/schema\\\/logo\\\/image\\\/\"},\"sameAs\":[\"https:\\\/\\\/www.facebook.com\\\/karrelong\",\"https:\\\/\\\/www.instagram.com\\\/karrelong\\\/\"]}]}<\/script>\n<!-- \/ Yoast SEO plugin. -->","yoast_head_json":{"title":"Chignons, coiffure mariages & \u00e9v\u00e8nements \u00e0 Lausanne - Karr&eacute; Long","description":"Coiffure mariage & \u00e9v\u00e9nements \u00e0 Lausanne: chignons & coiffures de mariage par Karr\u00e9 Long. Disponible le weekend. R\u00e9servez en ligne.","robots":{"index":"index","follow":"follow","max-snippet":"max-snippet:-1","max-image-preview":"max-image-preview:large","max-video-preview":"max-video-preview:-1"},"canonical":"https:\/\/new.karrelong.ch\/en\/coiffure-mariage-lausanne\/","og_locale":"en_US","og_type":"article","og_title":"Chignons, coiffure mariages & \u00e9v\u00e8nements \u00e0 Lausanne - Karr&eacute; Long","og_description":"Coiffure mariage & \u00e9v\u00e9nements \u00e0 Lausanne: chignons & coiffures de mariage par Karr\u00e9 Long. Disponible le weekend. R\u00e9servez en ligne.","og_url":"https:\/\/new.karrelong.ch\/en\/coiffure-mariage-lausanne\/","og_site_name":"Karr&eacute; Long","article_publisher":"https:\/\/www.facebook.com\/karrelong","article_modified_time":"2026-04-15T08:18:06+00:00","og_image":[{"width":2560,"height":1708,"url":"https:\/\/new.karrelong.ch\/wp-content\/uploads\/2024\/06\/DSC06004-scaled.jpg","type":"image\/jpeg"}],"twitter_card":"summary_large_image","twitter_misc":{"Est. reading time":"1 minute"},"schema":{"@context":"https:\/\/schema.org","@graph":[{"@type":"WebPage","@id":"https:\/\/new.karrelong.ch\/en\/coiffure-mariage-lausanne\/","url":"https:\/\/new.karrelong.ch\/en\/coiffure-mariage-lausanne\/","name":"Chignons, coiffure mariages & \u00e9v\u00e8nements \u00e0 Lausanne - Karr&eacute; Long","isPartOf":{"@id":"http:\/\/new.karrelong.ch\/#website"},"datePublished":"2026-03-26T17:31:24+00:00","dateModified":"2026-04-15T08:18:06+00:00","description":"Coiffure mariage & \u00e9v\u00e9nements \u00e0 Lausanne: chignons & coiffures de mariage par Karr\u00e9 Long. Disponible le weekend. R\u00e9servez en ligne.","breadcrumb":{"@id":"https:\/\/new.karrelong.ch\/en\/coiffure-mariage-lausanne\/#breadcrumb"},"inLanguage":"en-US","potentialAction":[{"@type":"ReadAction","target":["https:\/\/new.karrelong.ch\/en\/coiffure-mariage-lausanne\/"]}]},{"@type":"BreadcrumbList","@id":"https:\/\/new.karrelong.ch\/en\/coiffure-mariage-lausanne\/#breadcrumb","itemListElement":[{"@type":"ListItem","position":1,"name":"Home","item":"http:\/\/new.karrelong.ch\/"},{"@type":"ListItem","position":2,"name":"Chignons, coiffure mariages &#038; \u00e9v\u00e8nements \u00e0 Lausanne"}]},{"@type":"WebSite","@id":"http:\/\/new.karrelong.ch\/#website","url":"http:\/\/new.karrelong.ch\/","name":"Karr\u00e9 Long","description":"Salon professionnel de coiffure \u00e0 Lausanne depuis 2010, r\u00e9servation en ligne","publisher":{"@id":"http:\/\/new.karrelong.ch\/#organization"},"potentialAction":[{"@type":"SearchAction","target":{"@type":"EntryPoint","urlTemplate":"http:\/\/new.karrelong.ch\/?s={search_term_string}"},"query-input":{"@type":"PropertyValueSpecification","valueRequired":true,"valueName":"search_term_string"}}],"inLanguage":"en-US"},{"@type":"Organization","@id":"http:\/\/new.karrelong.ch\/#organization","name":"Karr\u00e9 Long","url":"http:\/\/new.karrelong.ch\/","logo":{"@type":"ImageObject","inLanguage":"en-US","@id":"http:\/\/new.karrelong.ch\/#\/schema\/logo\/image\/","url":"https:\/\/new.karrelong.ch\/wp-content\/uploads\/2021\/01\/cropped-unnamed2-1.png","contentUrl":"https:\/\/new.karrelong.ch\/wp-content\/uploads\/2021\/01\/cropped-unnamed2-1.png","width":421,"height":241,"caption":"Karr\u00e9 Long"},"image":{"@id":"http:\/\/new.karrelong.ch\/#\/schema\/logo\/image\/"},"sameAs":["https:\/\/www.facebook.com\/karrelong","https:\/\/www.instagram.com\/karrelong\/"]}]}},"_links":{"self":[{"href":"https:\/\/new.karrelong.ch\/en\/wp-json\/wp\/v2\/pages\/305","targetHints":{"allow":["GET"]}}],"collection":[{"href":"https:\/\/new.karrelong.ch\/en\/wp-json\/wp\/v2\/pages"}],"about":[{"href":"https:\/\/new.karrelong.ch\/en\/wp-json\/wp\/v2\/types\/page"}],"author":[{"embeddable":true,"href":"https:\/\/new.karrelong.ch\/en\/wp-json\/wp\/v2\/users\/1"}],"replies":[{"embeddable":true,"href":"https:\/\/new.karrelong.ch\/en\/wp-json\/wp\/v2\/comments?post=305"}],"version-history":[{"count":6,"href":"https:\/\/new.karrelong.ch\/en\/wp-json\/wp\/v2\/pages\/305\/revisions"}],"predecessor-version":[{"id":378,"href":"https:\/\/new.karrelong.ch\/en\/wp-json\/wp\/v2\/pages\/305\/revisions\/378"}],"wp:attachment":[{"href":"https:\/\/new.karrelong.ch\/en\/wp-json\/wp\/v2\/media?parent=305"}],"curies":[{"name":"wp","href":"https:\/\/api.w.org\/{rel}","templated":true}]}}