{"id":329,"date":"2026-03-27T10:53:16","date_gmt":"2026-03-27T09:53:16","guid":{"rendered":"https:\/\/new.karrelong.ch\/a-propos\/"},"modified":"2026-03-30T12:47:06","modified_gmt":"2026-03-30T11:47:06","slug":"a-propos","status":"publish","type":"page","link":"https:\/\/new.karrelong.ch\/en\/a-propos\/","title":{"rendered":"About - Karr\u00e9 Long, Hair Salon in Lausanne"},"content":{"rendered":"<div style=\"font-family: 'Fjalla One', sans-serif; max-width: 900px; margin: 0 auto; padding: 20px 0; color: rgb(60,72,88);\">\n\n  <p style=\"font-size: 18px; line-height: 1.8; margin-bottom: 24px;\">\n    Founded in 2010 by Kelly Languetin, <strong>Karr\u00e9 Long<\/strong> is a professional hair salon located in the heart of Lausanne at Route de Prilly 5. For over 15 years, we have been welcoming women, men, and children into our warm environment, always attentive to each client's individual needs.\n  <\/p>\n\n  <h2 style=\"color:rgb(119,63,92);font-size:32px;font-weight:500;border-bottom:2px solid rgb(119,63,92);padding-bottom:8px;margin-top:40px;font-family:'Fjalla One',sans-serif;\">Our story<\/h2>\n  <p style=\"font-size:16px;line-height:1.8;margin-top:16px;\">\n    Following an 11-year tenure at Jacques Dessange, Kelly Languetin established Karr\u00e9 Long in 2010 - a salon built in her own image: professional, people-focused and passionate. Today, Karr\u00e9 Long is recognized as a leading salon in Lausanne, boasting over 170 verified reviews on Salonkee and a 4.9-star rating on Google.\n  <\/p>\n\n  <h2 style=\"color:rgb(119,63,92);font-size:32px;font-weight:500;border-bottom:2px solid rgb(119,63,92);padding-bottom:8px;margin-top:40px;font-family:'Fjalla One',sans-serif;\">Kelly Languetin - Founder<\/h2>\n  <p style=\"font-size:16px;line-height:1.8;margin-top:16px;\">\n    Kelly holds both <strong>CFC and the Federal Master\u2019s Diploma in Hairdressing.<\/strong>She is an <strong>official Keune Haircosmetics Ambassador<\/strong> for French-speaking Switzerland. <strong>As a certified instructor, she is deeply committed to mentoring and training the next generation of professional stylists.<\/strong>. En tant que formatrice certifi\u00e9e, elle forme r\u00e9guli\u00e8rement les prochaines g\u00e9n\u00e9rations de coiffeurs.\n  <\/p>\n  <p style=\"font-size:16px;line-height:1.8;margin-top:12px;\">\n    Her specialties: Keune hair coloring, balayage and highlights, Great Lengths extensions (certified salon), tannin smoothing, hair cryotherapy, and event styling.\n  <\/p>\n\n  <h2 style=\"color:rgb(119,63,92);font-size:32px;font-weight:500;border-bottom:2px solid rgb(119,63,92);padding-bottom:8px;margin-top:40px;font-family:'Fjalla One',sans-serif;\">Our team<\/h2>\n  <table style=\"width:100%;border-collapse:collapse;margin-top:16px;margin-bottom:40px;\">\n    <tr style=\"background-color:rgb(250,240,242);\">\n      <td style=\"padding:10px 14px;font-size:18px;font-family:'Fjalla One',sans-serif;font-weight:600;\">Kelly Languetin<\/td>\n      <td style=\"padding:10px 14px;font-size:16px;\">Founder \u00b7 Master Stylist \u00b7 Certified Master Instructor \u00b7 Keune Ambassador<\/td>\n    <\/tr>\n    <tr>\n      <td style=\"padding:10px 14px;font-size:18px;font-family:'Fjalla One',sans-serif;font-weight:600;\">Mohamed<\/td>\n      <td style=\"padding:10px 14px;font-size:16px;\">Third-year apprentice<\/td>\n    <\/tr>\n    <tr style=\"background-color:rgb(250,240,242);\">\n      <td style=\"padding:10px 14px;font-size:18px;font-family:'Fjalla One',sans-serif;font-weight:600;\">Julie<\/td>\n      <td style=\"padding:10px 14px;font-size:16px;\">First-year apprentice<\/td>\n    <\/tr>\n    <tr>\n      <td style=\"padding:10px 14px;font-size:18px;font-family:'Fjalla One',sans-serif;font-weight:600;\">Ruby<\/td>\n      <td style=\"padding:10px 14px;font-size:16px;\">Nail Stylist \u00b7 Nail Art \u00b7 BIAB \u00b7 Semi-permanent<\/td>\n    <\/tr>\n  <\/table>\n\n  <h2 style=\"color:rgb(119,63,92);font-size:32px;font-weight:500;border-bottom:2px solid rgb(119,63,92);padding-bottom:8px;margin-top:40px;font-family:'Fjalla One',sans-serif;\">Our values<\/h2>\n  <table style=\"width:100%;border-collapse:collapse;margin-top:16px;margin-bottom:40px;\">\n    <tr style=\"background-color:rgb(250,240,242);\">\n      <td style=\"padding:10px 14px;font-size:18px;font-family:'Fjalla One',sans-serif;font-weight:600;\">Attentiveness<\/td>\n      <td style=\"padding:10px 14px;font-size:16px;\">Every client is unique. We take the time to understand your expectations before every service.<\/td>\n    <\/tr>\n    <tr>\n      <td style=\"padding:10px 14px;font-size:18px;font-family:'Fjalla One',sans-serif;font-weight:600;\">Expertise<\/td>\n      <td style=\"padding:10px 14px;font-size:16px;\">Mastered techniques, professional Keune and Swissliss products, and ongoing training.<\/td>\n    <\/tr>\n    <tr style=\"background-color:rgb(250,240,242);\">\n      <td style=\"padding:10px 14px;font-size:18px;font-family:'Fjalla One',sans-serif;font-weight:600;\">Trust<\/td>\n      <td style=\"padding:10px 14px;font-size:16px;\">Certified Great Lengths salon, Keune Ambassador, member of Coiffure Suisse (Vaud section).<\/td>\n    <\/tr>\n  <\/table>\n\n  <h2 style=\"color:rgb(119,63,92);font-size:32px;font-weight:500;border-bottom:2px solid rgb(119,63,92);padding-bottom:8px;margin-top:40px;font-family:'Fjalla One',sans-serif;\">Informations pratiques<\/h2>\n  <table style=\"width:100%;border-collapse:collapse;margin-top:16px;margin-bottom:40px;\">\n    <tr style=\"background-color:rgb(250,240,242);\">\n      <td style=\"padding:10px 14px;font-size:18px;font-family:'Fjalla One',sans-serif;font-weight:600;\">Address<\/td>\n      <td style=\"padding:10px 14px;font-size:16px;\">Route de Prilly 5, 1004 Lausanne<\/td>\n    <\/tr>\n    <tr>\n      <td style=\"padding:10px 14px;font-size:18px;font-family:'Fjalla One',sans-serif;font-weight:600;\">Phone<\/td>\n      <td style=\"padding:10px 14px;font-size:16px;\">021 624 71 83<\/td>\n    <\/tr>\n    <tr style=\"background-color:rgb(250,240,242);\">\n      <td style=\"padding:10px 14px;font-size:18px;font-family:'Fjalla One',sans-serif;font-weight:600;\">Opening hours<\/td>\n      <td style=\"padding:10px 14px;font-size:16px;\">Tue-Fri 8h30-18h30 \u00b7 Sat 8h00-15h00<\/td>\n    <\/tr>\n    <tr>\n      <td style=\"padding:10px 14px;font-size:18px;font-family:'Fjalla One',sans-serif;font-weight:600;\">Booking<\/td>\n      <td style=\"padding:10px 14px;font-size:16px;\">Book online 24\/7 at new.karrelong.ch \u00b7 or call us<\/td>\n    <\/tr>\n  <\/table>\n\n  <div style=\"text-align:center;margin-top:50px;padding:40px 20px;background-color:rgb(250,240,242);\">\n    <p style=\"font-size:18px;margin-bottom:20px;font-family:'Fjalla One',sans-serif;\">Book online<\/p>\n    <a href=\"https:\/\/salonkee.ch\/salon\/karre-long\" style=\"background-color:rgb(119,63,92);color:#fff;padding:12px 32px;font-family:'Fjalla One',sans-serif;font-size:18px;text-decoration:none;display:inline-block;\">Book now<\/a>\n  <\/div>\n<\/div>","protected":false},"excerpt":{"rendered":"<p>Fond\u00e9 en 2010 par Kelly Languetin, Karr\u00e9 Long est un salon de coiffure professionnel situ\u00e9 au c\u0153ur de Lausanne, Route de Prilly 5. Depuis plus de 15 ans, nous accueillons femmes, hommes et enfants dans un espace chaleureux, \u00e0 l&rsquo;\u00e9coute de chaque cliente. Notre histoire Apr\u00e8s 11 ann\u00e9es pass\u00e9es chez [&hellip;]<\/p>\n","protected":false},"author":1,"featured_media":0,"parent":0,"menu_order":0,"comment_status":"closed","ping_status":"closed","template":"page-templates\/template-fullwidth.php","meta":{"footnotes":""},"class_list":["post-329","page","type-page","status-publish","hentry"],"yoast_head":"<!-- This site is optimized with the Yoast SEO plugin v27.4 - https:\/\/yoast.com\/product\/yoast-seo-wordpress\/ -->\n<title>\u00c0 propos - Karr\u00e9 Long, salon de coiffure \u00e0 Lausanne<\/title>\n<meta name=\"description\" content=\"Kelly Languetin, CFC-Brevet F\u00e9d\u00e9ral, a cr\u00e9\u00e9 Karr\u00e9 Long \u00e0 Lausanne en 2010. Une \u00e9quipe passionn\u00e9e, des produits pro, un accueil sur mesure.\" \/>\n<meta name=\"robots\" content=\"index, follow, max-snippet:-1, max-image-preview:large, max-video-preview:-1\" \/>\n<link rel=\"canonical\" href=\"https:\/\/new.karrelong.ch\/en\/a-propos\/\" \/>\n<meta property=\"og:locale\" content=\"en_US\" \/>\n<meta property=\"og:type\" content=\"article\" \/>\n<meta property=\"og:title\" content=\"\u00c0 propos - Karr\u00e9 Long, salon de coiffure \u00e0 Lausanne\" \/>\n<meta property=\"og:description\" content=\"Kelly Languetin, CFC-Brevet F\u00e9d\u00e9ral, a cr\u00e9\u00e9 Karr\u00e9 Long \u00e0 Lausanne en 2010. Une \u00e9quipe passionn\u00e9e, des produits pro, un accueil sur mesure.\" \/>\n<meta property=\"og:url\" content=\"https:\/\/new.karrelong.ch\/en\/a-propos\/\" \/>\n<meta property=\"og:site_name\" content=\"Karr&eacute; Long\" \/>\n<meta property=\"article:publisher\" content=\"https:\/\/www.facebook.com\/karrelong\" \/>\n<meta property=\"article:modified_time\" content=\"2026-03-30T11:47:06+00:00\" \/>\n<meta property=\"og:image\" content=\"https:\/\/new.karrelong.ch\/wp-content\/uploads\/2024\/06\/DSC06004-scaled.jpg\" \/>\n\t<meta property=\"og:image:width\" content=\"2560\" \/>\n\t<meta property=\"og:image:height\" content=\"1708\" \/>\n\t<meta property=\"og:image:type\" content=\"image\/jpeg\" \/>\n<meta name=\"twitter:card\" content=\"summary_large_image\" \/>\n<meta name=\"twitter:label1\" content=\"Est. reading time\" \/>\n\t<meta name=\"twitter:data1\" content=\"2 minutes\" \/>\n<script type=\"application\/ld+json\" class=\"yoast-schema-graph\">{\"@context\":\"https:\\\/\\\/schema.org\",\"@graph\":[{\"@type\":\"WebPage\",\"@id\":\"https:\\\/\\\/new.karrelong.ch\\\/a-propos\\\/\",\"url\":\"https:\\\/\\\/new.karrelong.ch\\\/a-propos\\\/\",\"name\":\"\u00c0 propos - Karr\u00e9 Long, salon de coiffure \u00e0 Lausanne\",\"isPartOf\":{\"@id\":\"http:\\\/\\\/new.karrelong.ch\\\/#website\"},\"datePublished\":\"2026-03-27T09:53:16+00:00\",\"dateModified\":\"2026-03-30T11:47:06+00:00\",\"description\":\"Kelly Languetin, CFC-Brevet F\u00e9d\u00e9ral, a cr\u00e9\u00e9 Karr\u00e9 Long \u00e0 Lausanne en 2010. Une \u00e9quipe passionn\u00e9e, des produits pro, un accueil sur mesure.\",\"breadcrumb\":{\"@id\":\"https:\\\/\\\/new.karrelong.ch\\\/a-propos\\\/#breadcrumb\"},\"inLanguage\":\"en-US\",\"potentialAction\":[{\"@type\":\"ReadAction\",\"target\":[\"https:\\\/\\\/new.karrelong.ch\\\/a-propos\\\/\"]}]},{\"@type\":\"BreadcrumbList\",\"@id\":\"https:\\\/\\\/new.karrelong.ch\\\/a-propos\\\/#breadcrumb\",\"itemListElement\":[{\"@type\":\"ListItem\",\"position\":1,\"name\":\"Home\",\"item\":\"http:\\\/\\\/new.karrelong.ch\\\/\"},{\"@type\":\"ListItem\",\"position\":2,\"name\":\"\u00c0 propos &#8211; Karr\u00e9 Long, salon de coiffure \u00e0 Lausanne\"}]},{\"@type\":\"WebSite\",\"@id\":\"http:\\\/\\\/new.karrelong.ch\\\/#website\",\"url\":\"http:\\\/\\\/new.karrelong.ch\\\/\",\"name\":\"Karr\u00e9 Long\",\"description\":\"Salon professionnel de coiffure \u00e0 Lausanne depuis 2010, r\u00e9servation en ligne\",\"publisher\":{\"@id\":\"http:\\\/\\\/new.karrelong.ch\\\/#organization\"},\"potentialAction\":[{\"@type\":\"SearchAction\",\"target\":{\"@type\":\"EntryPoint\",\"urlTemplate\":\"http:\\\/\\\/new.karrelong.ch\\\/?s={search_term_string}\"},\"query-input\":{\"@type\":\"PropertyValueSpecification\",\"valueRequired\":true,\"valueName\":\"search_term_string\"}}],\"inLanguage\":\"en-US\"},{\"@type\":\"Organization\",\"@id\":\"http:\\\/\\\/new.karrelong.ch\\\/#organization\",\"name\":\"Karr\u00e9 Long\",\"url\":\"http:\\\/\\\/new.karrelong.ch\\\/\",\"logo\":{\"@type\":\"ImageObject\",\"inLanguage\":\"en-US\",\"@id\":\"http:\\\/\\\/new.karrelong.ch\\\/#\\\/schema\\\/logo\\\/image\\\/\",\"url\":\"https:\\\/\\\/new.karrelong.ch\\\/wp-content\\\/uploads\\\/2021\\\/01\\\/cropped-unnamed2-1.png\",\"contentUrl\":\"https:\\\/\\\/new.karrelong.ch\\\/wp-content\\\/uploads\\\/2021\\\/01\\\/cropped-unnamed2-1.png\",\"width\":421,\"height\":241,\"caption\":\"Karr\u00e9 Long\"},\"image\":{\"@id\":\"http:\\\/\\\/new.karrelong.ch\\\/#\\\/schema\\\/logo\\\/image\\\/\"},\"sameAs\":[\"https:\\\/\\\/www.facebook.com\\\/karrelong\",\"https:\\\/\\\/www.instagram.com\\\/karrelong\\\/\"]}]}<\/script>\n<!-- \/ Yoast SEO plugin. -->","yoast_head_json":{"title":"\u00c0 propos - Karr\u00e9 Long, salon de coiffure \u00e0 Lausanne","description":"Kelly Languetin, CFC-Brevet F\u00e9d\u00e9ral, a cr\u00e9\u00e9 Karr\u00e9 Long \u00e0 Lausanne en 2010. Une \u00e9quipe passionn\u00e9e, des produits pro, un accueil sur mesure.","robots":{"index":"index","follow":"follow","max-snippet":"max-snippet:-1","max-image-preview":"max-image-preview:large","max-video-preview":"max-video-preview:-1"},"canonical":"https:\/\/new.karrelong.ch\/en\/a-propos\/","og_locale":"en_US","og_type":"article","og_title":"\u00c0 propos - Karr\u00e9 Long, salon de coiffure \u00e0 Lausanne","og_description":"Kelly Languetin, CFC-Brevet F\u00e9d\u00e9ral, a cr\u00e9\u00e9 Karr\u00e9 Long \u00e0 Lausanne en 2010. Une \u00e9quipe passionn\u00e9e, des produits pro, un accueil sur mesure.","og_url":"https:\/\/new.karrelong.ch\/en\/a-propos\/","og_site_name":"Karr&eacute; Long","article_publisher":"https:\/\/www.facebook.com\/karrelong","article_modified_time":"2026-03-30T11:47:06+00:00","og_image":[{"width":2560,"height":1708,"url":"https:\/\/new.karrelong.ch\/wp-content\/uploads\/2024\/06\/DSC06004-scaled.jpg","type":"image\/jpeg"}],"twitter_card":"summary_large_image","twitter_misc":{"Est. reading time":"2 minutes"},"schema":{"@context":"https:\/\/schema.org","@graph":[{"@type":"WebPage","@id":"https:\/\/new.karrelong.ch\/a-propos\/","url":"https:\/\/new.karrelong.ch\/a-propos\/","name":"\u00c0 propos - Karr\u00e9 Long, salon de coiffure \u00e0 Lausanne","isPartOf":{"@id":"http:\/\/new.karrelong.ch\/#website"},"datePublished":"2026-03-27T09:53:16+00:00","dateModified":"2026-03-30T11:47:06+00:00","description":"Kelly Languetin, CFC-Brevet F\u00e9d\u00e9ral, a cr\u00e9\u00e9 Karr\u00e9 Long \u00e0 Lausanne en 2010. Une \u00e9quipe passionn\u00e9e, des produits pro, un accueil sur mesure.","breadcrumb":{"@id":"https:\/\/new.karrelong.ch\/a-propos\/#breadcrumb"},"inLanguage":"en-US","potentialAction":[{"@type":"ReadAction","target":["https:\/\/new.karrelong.ch\/a-propos\/"]}]},{"@type":"BreadcrumbList","@id":"https:\/\/new.karrelong.ch\/a-propos\/#breadcrumb","itemListElement":[{"@type":"ListItem","position":1,"name":"Home","item":"http:\/\/new.karrelong.ch\/"},{"@type":"ListItem","position":2,"name":"\u00c0 propos &#8211; Karr\u00e9 Long, salon de coiffure \u00e0 Lausanne"}]},{"@type":"WebSite","@id":"http:\/\/new.karrelong.ch\/#website","url":"http:\/\/new.karrelong.ch\/","name":"Karr\u00e9 Long","description":"Salon professionnel de coiffure \u00e0 Lausanne depuis 2010, r\u00e9servation en ligne","publisher":{"@id":"http:\/\/new.karrelong.ch\/#organization"},"potentialAction":[{"@type":"SearchAction","target":{"@type":"EntryPoint","urlTemplate":"http:\/\/new.karrelong.ch\/?s={search_term_string}"},"query-input":{"@type":"PropertyValueSpecification","valueRequired":true,"valueName":"search_term_string"}}],"inLanguage":"en-US"},{"@type":"Organization","@id":"http:\/\/new.karrelong.ch\/#organization","name":"Karr\u00e9 Long","url":"http:\/\/new.karrelong.ch\/","logo":{"@type":"ImageObject","inLanguage":"en-US","@id":"http:\/\/new.karrelong.ch\/#\/schema\/logo\/image\/","url":"https:\/\/new.karrelong.ch\/wp-content\/uploads\/2021\/01\/cropped-unnamed2-1.png","contentUrl":"https:\/\/new.karrelong.ch\/wp-content\/uploads\/2021\/01\/cropped-unnamed2-1.png","width":421,"height":241,"caption":"Karr\u00e9 Long"},"image":{"@id":"http:\/\/new.karrelong.ch\/#\/schema\/logo\/image\/"},"sameAs":["https:\/\/www.facebook.com\/karrelong","https:\/\/www.instagram.com\/karrelong\/"]}]}},"_links":{"self":[{"href":"https:\/\/new.karrelong.ch\/en\/wp-json\/wp\/v2\/pages\/329","targetHints":{"allow":["GET"]}}],"collection":[{"href":"https:\/\/new.karrelong.ch\/en\/wp-json\/wp\/v2\/pages"}],"about":[{"href":"https:\/\/new.karrelong.ch\/en\/wp-json\/wp\/v2\/types\/page"}],"author":[{"embeddable":true,"href":"https:\/\/new.karrelong.ch\/en\/wp-json\/wp\/v2\/users\/1"}],"replies":[{"embeddable":true,"href":"https:\/\/new.karrelong.ch\/en\/wp-json\/wp\/v2\/comments?post=329"}],"version-history":[{"count":1,"href":"https:\/\/new.karrelong.ch\/en\/wp-json\/wp\/v2\/pages\/329\/revisions"}],"predecessor-version":[{"id":343,"href":"https:\/\/new.karrelong.ch\/en\/wp-json\/wp\/v2\/pages\/329\/revisions\/343"}],"wp:attachment":[{"href":"https:\/\/new.karrelong.ch\/en\/wp-json\/wp\/v2\/media?parent=329"}],"curies":[{"name":"wp","href":"https:\/\/api.w.org\/{rel}","templated":true}]}}