{"id":53,"date":"2021-01-05T21:49:57","date_gmt":"2021-01-05T20:49:57","guid":{"rendered":"http:\/\/new.karrelong.ch\/?page_id=53"},"modified":"2026-04-15T09:54:07","modified_gmt":"2026-04-15T08:54:07","slug":"home","status":"publish","type":"page","link":"https:\/\/new.karrelong.ch\/en\/","title":{"rendered":"Karr\u00e9 Long &#8211; Salon de Coiffure \u00e0 Lausanne"},"content":{"rendered":"<div class=\"wp-block-group\" style=\"border-radius:8px\"><div class=\"wp-block-group__inner-container is-layout-constrained wp-block-group-is-layout-constrained\">\n<div style=\"background-color: #FFFFFF; padding: 50px 20px; text-align: center;\">\n\n  <h2 class=\"hestia-title\" style=\"color: #3C4858; font-size: 42px;\">What our clients say<\/h2>\n  <p style=\"color: #3C4858; font-size: 19px; margin-bottom: 40px;\">177 verified reviews of Salonkee - Average rating:  \u2b50\u2b50\u2b50\u2b50\u2b50<\/p>\n\n  <div style=\"display: flex; flex-wrap: wrap; gap: 20px; justify-content: center; max-width: 960px; margin: 0 auto;\">\n\n    <div style=\"background: #fff; border-radius: 8px; padding: 24px; max-width: 280px; text-align: left; box-shadow: 0 2px 8px rgba(119, 63, 92, 0.5);\">\n      <div style=\"color: #773F5C; font-size: 18px; margin-bottom: 10px;\">\u2605\u2605\u2605\u2605\u2605<\/div>\n      <p style=\"color: #999999; font-size: 15px; line-height: 1.6; margin-bottom: 14px;\">\u00ab&nbsp;Absolument parfait, accueil chaleureux et professionnalisme impeccable&nbsp;!&nbsp;\u00bb<\/p>\n      <p style=\"color: #6B7280; font-size: 15px; font-weight: bold;\">Olga<\/p>\n    <\/div>\n\n    <div style=\"background: #fff; border-radius: 8px; padding: 24px; max-width: 280px; text-align: left; box-shadow: 0 2px 8px rgba(119, 63, 92, 0.5);\">\n      <div style=\"color: #773F5C; font-size: 18px; margin-bottom: 10px;\">\u2605\u2605\u2605\u2605\u2605<\/div>\n      <p style=\"color: #999999; font-size: 15px; line-height: 1.6; margin-bottom: 14px;\">\u00ab&nbsp;Joli salon, personnel agr\u00e9able et \u00e0 l&rsquo;\u00e9coute. Couleur, coupe, brushing parfait.&nbsp;\u00bb<\/p>\n      <p style=\"color: #6B7280; font-size: 15px; font-weight: bold;\">Adeline<\/p>\n    <\/div>\n\n    <div style=\"background: #fff; border-radius: 8px; padding: 24px; max-width: 280px; text-align: left; box-shadow: 0 2px 8px rgba(119, 63, 92, 0.5);\">\n      <div style=\"color: #773F5C; font-size: 18px; margin-bottom: 10px;\">\u2605\u2605\u2605\u2605\u2605<\/div>\n      <p style=\"color: #999999; font-size: 15px; line-height: 1.6; margin-bottom: 14px;\">\u00ab&nbsp;Toujours tr\u00e8s satisfaite de la qualit\u00e9 des soins et de la gentillesse du personnel.&nbsp;\u00bb<\/p>\n      <p style=\"color: #6B7280; font-size: 15px; font-weight: bold;\">Eva<\/p>\n    <\/div>\n\n    <div style=\"background: #fff; border-radius: 8px; padding: 24px; max-width: 280px; text-align: left; box-shadow: 0 2px 8px rgba(119, 63, 92, 0.5);\">\n      <div style=\"color: #773F5C; font-size: 18px; margin-bottom: 10px;\">\u2605\u2605\u2605\u2605\u2605<\/div>\n      <p style=\"color: #999999; font-size: 15px; line-height: 1.6; margin-bottom: 14px;\">\u00ab&nbsp;Merci pour l&rsquo;accueil et la rapidit\u00e9. Tr\u00e8s satisfaite du r\u00e9sultat.&nbsp;\u00bb<\/p>\n      <p style=\"color: #6B7280; font-size: 15px; font-weight: bold;\">Deborah<\/p>\n    <\/div>\n\n    <div style=\"background: #fff; border-radius: 8px; padding: 24px; max-width: 280px; text-align: left; box-shadow: 0 2px 8px rgba(119, 63, 92, 0.5);\">\n      <div style=\"color: #773F5C; font-size: 18px; margin-bottom: 10px;\">\u2605\u2605\u2605\u2605\u2605<\/div>\n      <p style=\"color: #999999; font-size: 15px; line-height: 1.6; margin-bottom: 14px;\">\u00ab&nbsp;Tr\u00e8s satisfait ! Personnel tr\u00e8s sympathique et de super r\u00e9sultats !&nbsp;\u00bb<\/p>\n      <p style=\"color: #6B7280; font-size: 15px; font-weight: bold;\">Llona<\/p>\n    <\/div>\n\n    <div style=\"background: #fff; border-radius: 8px; padding: 24px; max-width: 280px; text-align: left; box-shadow: 0 2px 8px rgba(119, 63, 92, 0.5);\">\n      <div style=\"color: #773F5C; font-size: 18px; margin-bottom: 10px;\">\u2605\u2605\u2605\u2605\u2605<\/div>\n      <p style=\"color: #999999; font-size: 15px; line-height: 1.6; margin-bottom: 14px;\">\u00ab&nbsp;Bon accueil, sympa et agr\u00e9able. Bons conseils re\u00e7us par rapport \u00e0 la coloration.&nbsp;\u00bb<\/p>\n      <p style=\"color: #6B7280; font-size: 15px; font-weight: bold;\">Catherine<\/p>\n    <\/div>\n\n  <\/div>\n\n  <div style=\"margin-top: 36px;\">\n    <a href=\"https:\/\/salonkee.ch\/salon\/karre-long\" style=\"color: #773F5C; font-size: 19px; text-decoration: underline;\">\n      View all 177 verified reviews \u2192\n    <\/a>\n  <\/div>\n\n<\/div>\n<\/div><\/div>\n\n\n\n<p><\/p>","protected":false},"excerpt":{"rendered":"<p>Ce que disent nos clientes 177 avis v\u00e9rifi\u00e9s sur Salonkee &#8211; Note moyenne: \u2b50\u2b50\u2b50\u2b50\u2b50 \u2605\u2605\u2605\u2605\u2605 \u00ab&nbsp;Absolument parfait, accueil chaleureux et professionnalisme impeccable&nbsp;!&nbsp;\u00bb Olga \u2605\u2605\u2605\u2605\u2605 \u00ab&nbsp;Joli salon, personnel agr\u00e9able et \u00e0 l&rsquo;\u00e9coute. Couleur, coupe, brushing parfait.&nbsp;\u00bb Adeline \u2605\u2605\u2605\u2605\u2605 \u00ab&nbsp;Toujours tr\u00e8s satisfaite de la qualit\u00e9 des soins et de la gentillesse du [&hellip;]<\/p>\n","protected":false},"author":1,"featured_media":63,"parent":0,"menu_order":0,"comment_status":"closed","ping_status":"closed","template":"","meta":{"footnotes":""},"class_list":["post-53","page","type-page","status-publish","has-post-thumbnail","hentry"],"yoast_head":"<!-- This site is optimized with the Yoast SEO plugin v27.4 - https:\/\/yoast.com\/product\/yoast-seo-wordpress\/ -->\n<title>Salon de coiffure Lausanne | Karr\u00e9 Long<\/title>\n<meta name=\"description\" content=\"Salon de coiffure \u00e0 Lausanne depuis 2010. Coupe, coloration &amp; balayage par Kelly, Ambassadrice Keune. English spoken. R\u00e9servez en ligne.\" \/>\n<meta name=\"robots\" content=\"index, follow, max-snippet:-1, max-image-preview:large, max-video-preview:-1\" \/>\n<link rel=\"canonical\" href=\"https:\/\/new.karrelong.ch\/en\/\" \/>\n<meta property=\"og:locale\" content=\"en_US\" \/>\n<meta property=\"og:type\" content=\"article\" \/>\n<meta property=\"og:title\" content=\"Salon de coiffure Lausanne | Karr\u00e9 Long\" \/>\n<meta property=\"og:description\" content=\"Salon de coiffure \u00e0 Lausanne depuis 2010. Coupe, coloration &amp; balayage par Kelly, Ambassadrice Keune. English spoken. R\u00e9servez en ligne.\" \/>\n<meta property=\"og:url\" content=\"https:\/\/new.karrelong.ch\/en\/\" \/>\n<meta property=\"og:site_name\" content=\"Karr&eacute; Long\" \/>\n<meta property=\"article:publisher\" content=\"https:\/\/www.facebook.com\/karrelong\" \/>\n<meta property=\"article:modified_time\" content=\"2026-04-15T08:54:07+00:00\" \/>\n<meta property=\"og:image\" content=\"https:\/\/new.karrelong.ch\/wp-content\/uploads\/2021\/01\/salon1.jpg\" \/>\n\t<meta property=\"og:image:width\" content=\"2048\" \/>\n\t<meta property=\"og:image:height\" content=\"1374\" \/>\n\t<meta property=\"og:image:type\" content=\"image\/jpeg\" \/>\n<meta name=\"twitter:card\" content=\"summary_large_image\" \/>\n<meta name=\"twitter:label1\" content=\"Est. reading time\" \/>\n\t<meta name=\"twitter:data1\" content=\"1 minute\" \/>\n<script type=\"application\/ld+json\" class=\"yoast-schema-graph\">{\"@context\":\"https:\\\/\\\/schema.org\",\"@graph\":[{\"@type\":\"WebPage\",\"@id\":\"https:\\\/\\\/new.karrelong.ch\\\/\",\"url\":\"https:\\\/\\\/new.karrelong.ch\\\/\",\"name\":\"Salon de coiffure Lausanne | Karr\u00e9 Long\",\"isPartOf\":{\"@id\":\"https:\\\/\\\/new.karrelong.ch\\\/#website\"},\"primaryImageOfPage\":{\"@id\":\"https:\\\/\\\/new.karrelong.ch\\\/#primaryimage\"},\"image\":{\"@id\":\"https:\\\/\\\/new.karrelong.ch\\\/#primaryimage\"},\"thumbnailUrl\":\"https:\\\/\\\/new.karrelong.ch\\\/wp-content\\\/uploads\\\/2021\\\/01\\\/salon1.jpg\",\"datePublished\":\"2021-01-05T20:49:57+00:00\",\"dateModified\":\"2026-04-15T08:54:07+00:00\",\"description\":\"Salon de coiffure \u00e0 Lausanne depuis 2010. Coupe, coloration & balayage par Kelly, Ambassadrice Keune. English spoken. R\u00e9servez en ligne.\",\"breadcrumb\":{\"@id\":\"https:\\\/\\\/new.karrelong.ch\\\/#breadcrumb\"},\"inLanguage\":\"en-US\",\"potentialAction\":[{\"@type\":\"ReadAction\",\"target\":[\"https:\\\/\\\/new.karrelong.ch\\\/\"]}]},{\"@type\":\"ImageObject\",\"inLanguage\":\"en-US\",\"@id\":\"https:\\\/\\\/new.karrelong.ch\\\/#primaryimage\",\"url\":\"https:\\\/\\\/new.karrelong.ch\\\/wp-content\\\/uploads\\\/2021\\\/01\\\/salon1.jpg\",\"contentUrl\":\"https:\\\/\\\/new.karrelong.ch\\\/wp-content\\\/uploads\\\/2021\\\/01\\\/salon1.jpg\",\"width\":2048,\"height\":1374,\"caption\":\"Kelly Languetin coiffeuse fondatrice Karr\u00e9 Long Lausanne \\\/ salon de coiffure Karr\u00e9 Long Route de Prilly Lausanne\"},{\"@type\":\"BreadcrumbList\",\"@id\":\"https:\\\/\\\/new.karrelong.ch\\\/#breadcrumb\",\"itemListElement\":[{\"@type\":\"ListItem\",\"position\":1,\"name\":\"Home\",\"item\":\"https:\\\/\\\/new.karrelong.ch\\\/\"},{\"@type\":\"ListItem\",\"position\":2,\"name\":\"Karr\u00e9 Long &#8211; Salon de Coiffure \u00e0 Lausanne\"}]},{\"@type\":\"WebSite\",\"@id\":\"https:\\\/\\\/new.karrelong.ch\\\/#website\",\"url\":\"https:\\\/\\\/new.karrelong.ch\\\/\",\"name\":\"Karr\u00e9 Long\",\"description\":\"Salon professionnel de coiffure \u00e0 Lausanne depuis 2010, r\u00e9servation en ligne\",\"publisher\":{\"@id\":\"https:\\\/\\\/new.karrelong.ch\\\/#organization\"},\"potentialAction\":[{\"@type\":\"SearchAction\",\"target\":{\"@type\":\"EntryPoint\",\"urlTemplate\":\"https:\\\/\\\/new.karrelong.ch\\\/?s={search_term_string}\"},\"query-input\":{\"@type\":\"PropertyValueSpecification\",\"valueRequired\":true,\"valueName\":\"search_term_string\"}}],\"inLanguage\":\"en-US\"},{\"@type\":\"Organization\",\"@id\":\"https:\\\/\\\/new.karrelong.ch\\\/#organization\",\"name\":\"Karr\u00e9 Long\",\"url\":\"https:\\\/\\\/new.karrelong.ch\\\/\",\"logo\":{\"@type\":\"ImageObject\",\"inLanguage\":\"en-US\",\"@id\":\"https:\\\/\\\/new.karrelong.ch\\\/#\\\/schema\\\/logo\\\/image\\\/\",\"url\":\"https:\\\/\\\/new.karrelong.ch\\\/wp-content\\\/uploads\\\/2021\\\/01\\\/cropped-unnamed2-1.png\",\"contentUrl\":\"https:\\\/\\\/new.karrelong.ch\\\/wp-content\\\/uploads\\\/2021\\\/01\\\/cropped-unnamed2-1.png\",\"width\":421,\"height\":241,\"caption\":\"Karr\u00e9 Long\"},\"image\":{\"@id\":\"https:\\\/\\\/new.karrelong.ch\\\/#\\\/schema\\\/logo\\\/image\\\/\"},\"sameAs\":[\"https:\\\/\\\/www.facebook.com\\\/karrelong\",\"https:\\\/\\\/www.instagram.com\\\/karrelong\\\/\"]}]}<\/script>\n<!-- \/ Yoast SEO plugin. -->","yoast_head_json":{"title":"Salon de coiffure Lausanne | Karr\u00e9 Long","description":"Salon de coiffure \u00e0 Lausanne depuis 2010. Coupe, coloration & balayage par Kelly, Ambassadrice Keune. English spoken. R\u00e9servez en ligne.","robots":{"index":"index","follow":"follow","max-snippet":"max-snippet:-1","max-image-preview":"max-image-preview:large","max-video-preview":"max-video-preview:-1"},"canonical":"https:\/\/new.karrelong.ch\/en\/","og_locale":"en_US","og_type":"article","og_title":"Salon de coiffure Lausanne | Karr\u00e9 Long","og_description":"Salon de coiffure \u00e0 Lausanne depuis 2010. Coupe, coloration & balayage par Kelly, Ambassadrice Keune. English spoken. R\u00e9servez en ligne.","og_url":"https:\/\/new.karrelong.ch\/en\/","og_site_name":"Karr&eacute; Long","article_publisher":"https:\/\/www.facebook.com\/karrelong","article_modified_time":"2026-04-15T08:54:07+00:00","og_image":[{"width":2048,"height":1374,"url":"https:\/\/new.karrelong.ch\/wp-content\/uploads\/2021\/01\/salon1.jpg","type":"image\/jpeg"}],"twitter_card":"summary_large_image","twitter_misc":{"Est. reading time":"1 minute"},"schema":{"@context":"https:\/\/schema.org","@graph":[{"@type":"WebPage","@id":"https:\/\/new.karrelong.ch\/","url":"https:\/\/new.karrelong.ch\/","name":"Salon de coiffure Lausanne | Karr\u00e9 Long","isPartOf":{"@id":"https:\/\/new.karrelong.ch\/#website"},"primaryImageOfPage":{"@id":"https:\/\/new.karrelong.ch\/#primaryimage"},"image":{"@id":"https:\/\/new.karrelong.ch\/#primaryimage"},"thumbnailUrl":"https:\/\/new.karrelong.ch\/wp-content\/uploads\/2021\/01\/salon1.jpg","datePublished":"2021-01-05T20:49:57+00:00","dateModified":"2026-04-15T08:54:07+00:00","description":"Salon de coiffure \u00e0 Lausanne depuis 2010. Coupe, coloration & balayage par Kelly, Ambassadrice Keune. English spoken. R\u00e9servez en ligne.","breadcrumb":{"@id":"https:\/\/new.karrelong.ch\/#breadcrumb"},"inLanguage":"en-US","potentialAction":[{"@type":"ReadAction","target":["https:\/\/new.karrelong.ch\/"]}]},{"@type":"ImageObject","inLanguage":"en-US","@id":"https:\/\/new.karrelong.ch\/#primaryimage","url":"https:\/\/new.karrelong.ch\/wp-content\/uploads\/2021\/01\/salon1.jpg","contentUrl":"https:\/\/new.karrelong.ch\/wp-content\/uploads\/2021\/01\/salon1.jpg","width":2048,"height":1374,"caption":"Kelly Languetin coiffeuse fondatrice Karr\u00e9 Long Lausanne \/ salon de coiffure Karr\u00e9 Long Route de Prilly Lausanne"},{"@type":"BreadcrumbList","@id":"https:\/\/new.karrelong.ch\/#breadcrumb","itemListElement":[{"@type":"ListItem","position":1,"name":"Home","item":"https:\/\/new.karrelong.ch\/"},{"@type":"ListItem","position":2,"name":"Karr\u00e9 Long &#8211; Salon de Coiffure \u00e0 Lausanne"}]},{"@type":"WebSite","@id":"https:\/\/new.karrelong.ch\/#website","url":"https:\/\/new.karrelong.ch\/","name":"Karr\u00e9 Long","description":"Salon professionnel de coiffure \u00e0 Lausanne depuis 2010, r\u00e9servation en ligne","publisher":{"@id":"https:\/\/new.karrelong.ch\/#organization"},"potentialAction":[{"@type":"SearchAction","target":{"@type":"EntryPoint","urlTemplate":"https:\/\/new.karrelong.ch\/?s={search_term_string}"},"query-input":{"@type":"PropertyValueSpecification","valueRequired":true,"valueName":"search_term_string"}}],"inLanguage":"en-US"},{"@type":"Organization","@id":"https:\/\/new.karrelong.ch\/#organization","name":"Karr\u00e9 Long","url":"https:\/\/new.karrelong.ch\/","logo":{"@type":"ImageObject","inLanguage":"en-US","@id":"https:\/\/new.karrelong.ch\/#\/schema\/logo\/image\/","url":"https:\/\/new.karrelong.ch\/wp-content\/uploads\/2021\/01\/cropped-unnamed2-1.png","contentUrl":"https:\/\/new.karrelong.ch\/wp-content\/uploads\/2021\/01\/cropped-unnamed2-1.png","width":421,"height":241,"caption":"Karr\u00e9 Long"},"image":{"@id":"https:\/\/new.karrelong.ch\/#\/schema\/logo\/image\/"},"sameAs":["https:\/\/www.facebook.com\/karrelong","https:\/\/www.instagram.com\/karrelong\/"]}]}},"_links":{"self":[{"href":"https:\/\/new.karrelong.ch\/en\/wp-json\/wp\/v2\/pages\/53","targetHints":{"allow":["GET"]}}],"collection":[{"href":"https:\/\/new.karrelong.ch\/en\/wp-json\/wp\/v2\/pages"}],"about":[{"href":"https:\/\/new.karrelong.ch\/en\/wp-json\/wp\/v2\/types\/page"}],"author":[{"embeddable":true,"href":"https:\/\/new.karrelong.ch\/en\/wp-json\/wp\/v2\/users\/1"}],"replies":[{"embeddable":true,"href":"https:\/\/new.karrelong.ch\/en\/wp-json\/wp\/v2\/comments?post=53"}],"version-history":[{"count":23,"href":"https:\/\/new.karrelong.ch\/en\/wp-json\/wp\/v2\/pages\/53\/revisions"}],"predecessor-version":[{"id":382,"href":"https:\/\/new.karrelong.ch\/en\/wp-json\/wp\/v2\/pages\/53\/revisions\/382"}],"wp:featuredmedia":[{"embeddable":true,"href":"https:\/\/new.karrelong.ch\/en\/wp-json\/wp\/v2\/media\/63"}],"wp:attachment":[{"href":"https:\/\/new.karrelong.ch\/en\/wp-json\/wp\/v2\/media?parent=53"}],"curies":[{"name":"wp","href":"https:\/\/api.w.org\/{rel}","templated":true}]}}